{"id":104,"date":"2021-01-29T16:04:55","date_gmt":"2021-01-29T16:04:55","guid":{"rendered":"https:\/\/agdsn.me\/~fsr-verkehr\/?page_id=104"},"modified":"2023-11-02T16:55:42","modified_gmt":"2023-11-02T15:55:42","slug":"studium","status":"publish","type":"page","link":"https:\/\/www.fsr-verkehr.de\/en\/studium\/","title":{"rendered":"Studies"},"content":{"rendered":"\n<p>On the subpages of this category you will find everything you need to know about studying at the Faculty of Transport Sciences &#8220;Friedrich List&#8221;: links to study documents, an overview of all OPAL courses or information about choosing a specialisation or focus. If you have any questions, you can use our FAQ section.<\/p>\n\n\n\n<p>Oh, and don&#8217;t forget, you can also find the timetables here!<\/p>\n\n\n\n<div class=\"wp-block-query is-layout-flow wp-block-query-is-layout-flow\"><ul class=\"columns-2 wp-block-post-template is-layout-grid wp-container-core-post-template-is-layout-1 wp-block-post-template-is-layout-grid\"><li class=\"wp-block-post post-10561 page type-page status-publish hentry\">\n<h2 class=\"wp-block-post-title\">Transfer of Credits<\/h2>\n\n<div class=\"wp-block-post-excerpt\"><p class=\"wp-block-post-excerpt__excerpt\">If you have already passed modules in a previous degree programme that are also part of your degree programme here, you may be able to \u2026<\/p><p class=\"wp-block-post-excerpt__more-text\"><a class=\"wp-block-post-excerpt__more-link\" href=\"https:\/\/www.fsr-verkehr.de\/en\/studium\/anrechnungen\/\">Weiterlesen<\/a><\/p><\/div>\n<\/li><li class=\"wp-block-post post-145 page type-page status-publish has-post-thumbnail hentry\">\n<h2 class=\"wp-block-post-title\">FAQ<\/h2>\n\n<div class=\"wp-block-post-excerpt\"><p class=\"wp-block-post-excerpt__excerpt\">The FSR What is the FSR Verkehr? We are the student council for Transport Sciences of the &#8220;Friedrich List&#8221; student body (short: FSR Verkehr) and \u2026<\/p><p class=\"wp-block-post-excerpt__more-text\"><a class=\"wp-block-post-excerpt__more-link\" href=\"https:\/\/www.fsr-verkehr.de\/en\/studium\/faq\/\">Weiterlesen<\/a><\/p><\/div>\n<\/li><li class=\"wp-block-post post-149 page type-page status-publish has-post-thumbnail hentry\">\n<h2 class=\"wp-block-post-title\">Offers for help by the university<\/h2>\n\n<div class=\"wp-block-post-excerpt\"><p class=\"wp-block-post-excerpt__excerpt\">Problems with paper and thesis? The Writing Center of TU Dresden helps you! You are working on a scientific paper and can&#8217;t get any further? \u2026<\/p><p class=\"wp-block-post-excerpt__more-text\"><a class=\"wp-block-post-excerpt__more-link\" href=\"https:\/\/www.fsr-verkehr.de\/en\/studium\/hilfsangebote-an-der-uni\/\">Weiterlesen<\/a><\/p><\/div>\n<\/li><li class=\"wp-block-post post-143 page type-page status-publish has-post-thumbnail hentry\">\n<h2 class=\"wp-block-post-title\">OPAL courses<\/h2>\n\n<div class=\"wp-block-post-excerpt\"><p class=\"wp-block-post-excerpt__excerpt\">On these subpages the OPAL courses of the compulsory modules known to us are listed sorted by study programs: Master programs (English) All information on \u2026<\/p><p class=\"wp-block-post-excerpt__more-text\"><a class=\"wp-block-post-excerpt__more-link\" href=\"https:\/\/www.fsr-verkehr.de\/en\/studium\/opal-kurse-an-unserer-fakultaet\/\">Weiterlesen<\/a><\/p><\/div>\n<\/li><li class=\"wp-block-post post-147 page type-page status-publish has-post-thumbnail hentry\">\n<h2 class=\"wp-block-post-title\">Choice of specialization<\/h2>\n\n<div class=\"wp-block-post-excerpt\"><p class=\"wp-block-post-excerpt__excerpt\">For Students enrolled in the Diploma&#8217;s degree &#8220;Verkehrsingenieurwesen&#8221;, we prepared the following event: Kompass Hauptstudium For Students enrolled in the Bachelor&#8217;s degree &#8220;Verkehrswirtschaft&#8221;, we prepared \u2026<\/p><p class=\"wp-block-post-excerpt__more-text\"><a class=\"wp-block-post-excerpt__more-link\" href=\"https:\/\/www.fsr-verkehr.de\/en\/studium\/vertiefungs-und-schwerpunktwahl\/\">Weiterlesen<\/a><\/p><\/div>\n<\/li><li class=\"wp-block-post post-151 page type-page status-publish has-post-thumbnail hentry\">\n<h2 class=\"wp-block-post-title\">Studiendokumente<\/h2>\n\n<div class=\"wp-block-post-excerpt\"><p class=\"wp-block-post-excerpt__excerpt\">Alle Angaben ohne Gew\u00e4hr! Alle Studienunterlagen (auch aus fr\u00fcheren Jahren) und weitere hilfreiche Informationen zu den Studieng\u00e4ngen der Fakult\u00e4t f\u00fcr Verkehrswissenschaften findet ihr auch auf \u2026<\/p><p class=\"wp-block-post-excerpt__more-text\"><a class=\"wp-block-post-excerpt__more-link\" href=\"https:\/\/www.fsr-verkehr.de\/en\/studium\/studiendokumente\/\">Weiterlesen<\/a><\/p><\/div>\n<\/li><li class=\"wp-block-post post-6466 page type-page status-publish has-post-thumbnail hentry\">\n<h2 class=\"wp-block-post-title\">Studienordnungs\u00fcbertritt Verkehrsingenieurwesen<\/h2>\n\n<div class=\"wp-block-post-excerpt\"><p class=\"wp-block-post-excerpt__excerpt\">Bitte beachtet die aktuellen Informationen zur Problematik der Notenbildung in der DPO 22 ! F\u00fcr den Diplomstudiengang Verkehrsingenieurwesen gibt es seit dem Wintersemester 2022\/23 neue \u2026<\/p><p class=\"wp-block-post-excerpt__more-text\"><a class=\"wp-block-post-excerpt__more-link\" href=\"https:\/\/www.fsr-verkehr.de\/en\/studium\/studienordnungsuebertritt-verkehrsingenieurwesen\/\">Weiterlesen<\/a><\/p><\/div>\n<\/li><\/ul>\n\n\n\n<\/div>\n","protected":false},"excerpt":{"rendered":"<p>On the subpages of this category you will find everything you need to know about studying at the Faculty of Transport Sciences &#8220;Friedrich List&#8221;: links \u2026<\/p>\n","protected":false},"author":2,"featured_media":6031,"parent":0,"menu_order":0,"comment_status":"closed","ping_status":"closed","template":"","meta":{"footnotes":""},"class_list":["post-104","page","type-page","status-publish","has-post-thumbnail","hentry"],"translation":{"provider":"WPGlobus","version":"3.0.0","language":"en","enabled_languages":["de","en"],"languages":{"de":{"title":true,"content":true,"excerpt":false},"en":{"title":true,"content":true,"excerpt":false}}},"_links":{"self":[{"href":"https:\/\/www.fsr-verkehr.de\/en\/wp-json\/wp\/v2\/pages\/104","targetHints":{"allow":["GET"]}}],"collection":[{"href":"https:\/\/www.fsr-verkehr.de\/en\/wp-json\/wp\/v2\/pages"}],"about":[{"href":"https:\/\/www.fsr-verkehr.de\/en\/wp-json\/wp\/v2\/types\/page"}],"author":[{"embeddable":true,"href":"https:\/\/www.fsr-verkehr.de\/en\/wp-json\/wp\/v2\/users\/2"}],"replies":[{"embeddable":true,"href":"https:\/\/www.fsr-verkehr.de\/en\/wp-json\/wp\/v2\/comments?post=104"}],"version-history":[{"count":11,"href":"https:\/\/www.fsr-verkehr.de\/en\/wp-json\/wp\/v2\/pages\/104\/revisions"}],"predecessor-version":[{"id":9695,"href":"https:\/\/www.fsr-verkehr.de\/en\/wp-json\/wp\/v2\/pages\/104\/revisions\/9695"}],"wp:featuredmedia":[{"embeddable":true,"href":"https:\/\/www.fsr-verkehr.de\/en\/wp-json\/wp\/v2\/media\/6031"}],"wp:attachment":[{"href":"https:\/\/www.fsr-verkehr.de\/en\/wp-json\/wp\/v2\/media?parent=104"}],"curies":[{"name":"wp","href":"https:\/\/api.w.org\/{rel}","templated":true}]}}