{"id":10546,"date":"2025-09-18T10:20:59","date_gmt":"2025-09-18T08:20:59","guid":{"rendered":"https:\/\/www.fsr-verkehr.de\/?page_id=10546"},"modified":"2025-09-26T08:54:57","modified_gmt":"2025-09-26T06:54:57","slug":"orientierungsstudium","status":"publish","type":"page","link":"https:\/\/www.fsr-verkehr.de\/en\/orientierungsstudium\/","title":{"rendered":"Orientierungsjahr"},"content":{"rendered":"\n<p>Herzlich willkommen!<\/p>\n\n\n\n<p>Sch\u00f6n, dass du dein Orientierungsjahr an der TU Dresden beginnst und auf uns, deinen Fachschaftsrat gesto\u00dfen bist. Wir sind die Studierendenvertretung f\u00fcr die Studierenden der Fakult\u00e4t Verkehrswissenschaften &#8220;Friedrich List&#8221; und jetzt auch f\u00fcr alle Studierende des Orientierungsjahrs zust\u00e4ndig.<\/p>\n\n\n\n<p>Auf unserer Website findest du viele hilfreiche Infos \u2013 unter anderem die Veranstaltungen unserer eigenen Erstsemestereinf\u00fchrung (ESE). Wir haben die Programmpunkte markiert, die besonders f\u00fcr euch Studierende im Orientierungsjahr interessant sind. Daneben gibt es auch Veranstaltungen, die eher fachgebunden sind und vor allem dann spannend sind, wenn ihr auch Module an unserer Fakult\u00e4t belegen solltet, was wir euch nat\u00fcrlich empfehlen k\u00f6nnen.<\/p>\n\n\n\n<p>Wenn du Fragen hast, kannst du dich jederzeit an uns wenden \u2013 wir sind gerne f\u00fcr dich da. Und falls du merkst, dass eine andere Fachschaft besser zu dir passt: Ein Wechsel ist auf Antrag m\u00f6glich.<\/p>\n\n\n\n<p>Unser B\u00fcro ist im Raum <a href=\"https:\/\/navigator.tu-dresden.de\/raum\/325100.0200\" data-type=\"link\" data-id=\"https:\/\/navigator.tu-dresden.de\/raum\/325100.0200\">POT\/012<\/a>, unter der Woche ist in der Vorlesungszeit (fast) immer jemand da.<\/p>\n\n\n\n<p>Wir w\u00fcnschen dir einen tollen Start ins Studium und freuen uns, dich bei unseren Veranstaltungen und vielleicht auch an der Fakult\u00e4t n\u00e4her kennenzulernen!<\/p>\n\n\n\n<p><\/p>\n","protected":false},"excerpt":{"rendered":"<p>Herzlich willkommen! Sch\u00f6n, dass du dein Orientierungsjahr an der TU Dresden beginnst und auf uns, deinen Fachschaftsrat gesto\u00dfen bist. Wir sind die Studierendenvertretung f\u00fcr die \u2026<\/p>\n","protected":false},"author":26,"featured_media":0,"parent":0,"menu_order":0,"comment_status":"closed","ping_status":"closed","template":"","meta":{"footnotes":""},"class_list":["post-10546","page","type-page","status-publish","hentry"],"translation":{"provider":"WPGlobus","version":"3.0.0","language":"en","enabled_languages":["de","en"],"languages":{"de":{"title":true,"content":true,"excerpt":false},"en":{"title":false,"content":false,"excerpt":false}}},"_links":{"self":[{"href":"https:\/\/www.fsr-verkehr.de\/en\/wp-json\/wp\/v2\/pages\/10546","targetHints":{"allow":["GET"]}}],"collection":[{"href":"https:\/\/www.fsr-verkehr.de\/en\/wp-json\/wp\/v2\/pages"}],"about":[{"href":"https:\/\/www.fsr-verkehr.de\/en\/wp-json\/wp\/v2\/types\/page"}],"author":[{"embeddable":true,"href":"https:\/\/www.fsr-verkehr.de\/en\/wp-json\/wp\/v2\/users\/26"}],"replies":[{"embeddable":true,"href":"https:\/\/www.fsr-verkehr.de\/en\/wp-json\/wp\/v2\/comments?post=10546"}],"version-history":[{"count":5,"href":"https:\/\/www.fsr-verkehr.de\/en\/wp-json\/wp\/v2\/pages\/10546\/revisions"}],"predecessor-version":[{"id":10718,"href":"https:\/\/www.fsr-verkehr.de\/en\/wp-json\/wp\/v2\/pages\/10546\/revisions\/10718"}],"wp:attachment":[{"href":"https:\/\/www.fsr-verkehr.de\/en\/wp-json\/wp\/v2\/media?parent=10546"}],"curies":[{"name":"wp","href":"https:\/\/api.w.org\/{rel}","templated":true}]}}