{"id":10676,"date":"2025-09-22T21:16:54","date_gmt":"2025-09-22T19:16:54","guid":{"rendered":"https:\/\/www.fsr-verkehr.de\/?page_id=10676"},"modified":"2026-01-05T20:31:15","modified_gmt":"2026-01-05T19:31:15","slug":"mobilitaet-und-verkehrssysteme-schwerpunktwahl","status":"publish","type":"page","link":"https:\/\/www.fsr-verkehr.de\/en\/studium\/vertiefungs-und-schwerpunktwahl\/mobilitaet-und-verkehrssysteme-schwerpunktwahl\/","title":{"rendered":"Mobilit\u00e4t und Verkehrssysteme: Schwerpunktwahl"},"content":{"rendered":"\n<p>Studierende des Bachelor-Studiengangs Mobilit\u00e4t und Verkehrssysteme m\u00fcssen ab dem 4. Semester Schwerpunktmodule belegen. Dabei m\u00fcssen aus folgenden f\u00fcnf m\u00f6glichen Schwerpunkten zwei ausgew\u00e4hlt werde:<\/p>\n\n\n\n<ul class=\"wp-block-list\">\n<li>Bahnsysteme und \u00d6ffentlicher Verkehr<\/li>\n\n\n\n<li>Elektrische Verkehrssysteme<\/li>\n\n\n\n<li>Luftverkehr<\/li>\n\n\n\n<li>Mobilit\u00e4tsplanung<\/li>\n\n\n\n<li>Intelligente Verkehrssysteme<\/li>\n<\/ul>\n\n\n\n<p>Ein Wechsel zwischen den Schwerpunkten ist jederzeit m\u00f6glich, es muss lediglich ein Antrag an das Pr\u00fcfungsamt gestellt werden. Ihr m\u00fcsst euch in keiner Form vor dem Beginn des 4. Semesters irgendwo verbindlich f\u00fcr die Schwerpunkte anmelden. Trotzdem m\u00f6chten wir euch gerne eine M\u00f6glichkeit zum Informieren geben und bieten jeweils zum Ende des 3. Semesters einige \u00dcbertrittsveranstaltungen an.<\/p>\n\n\n\n<h3 class=\"wp-block-heading\">Wegweiser MoVe<\/h3>\n\n\n\n<p>Details dazu erhaltet ihr in eurem Wintersemester vor der Schwerpunktwahl, also erstmals im Wintersemester 2026\/27.<\/p>\n","protected":false},"excerpt":{"rendered":"<p>Studierende des Bachelor-Studiengangs Mobilit\u00e4t und Verkehrssysteme m\u00fcssen ab dem 4. Semester Schwerpunktmodule belegen. Dabei m\u00fcssen aus folgenden f\u00fcnf m\u00f6glichen Schwerpunkten zwei ausgew\u00e4hlt werde: Ein Wechsel \u2026<\/p>\n","protected":false},"author":22,"featured_media":0,"parent":147,"menu_order":0,"comment_status":"closed","ping_status":"closed","template":"","meta":{"footnotes":""},"class_list":["post-10676","page","type-page","status-publish","hentry"],"translation":{"provider":"WPGlobus","version":"3.0.0","language":"en","enabled_languages":["de","en"],"languages":{"de":{"title":true,"content":true,"excerpt":false},"en":{"title":false,"content":false,"excerpt":false}}},"_links":{"self":[{"href":"https:\/\/www.fsr-verkehr.de\/en\/wp-json\/wp\/v2\/pages\/10676","targetHints":{"allow":["GET"]}}],"collection":[{"href":"https:\/\/www.fsr-verkehr.de\/en\/wp-json\/wp\/v2\/pages"}],"about":[{"href":"https:\/\/www.fsr-verkehr.de\/en\/wp-json\/wp\/v2\/types\/page"}],"author":[{"embeddable":true,"href":"https:\/\/www.fsr-verkehr.de\/en\/wp-json\/wp\/v2\/users\/22"}],"replies":[{"embeddable":true,"href":"https:\/\/www.fsr-verkehr.de\/en\/wp-json\/wp\/v2\/comments?post=10676"}],"version-history":[{"count":3,"href":"https:\/\/www.fsr-verkehr.de\/en\/wp-json\/wp\/v2\/pages\/10676\/revisions"}],"predecessor-version":[{"id":11264,"href":"https:\/\/www.fsr-verkehr.de\/en\/wp-json\/wp\/v2\/pages\/10676\/revisions\/11264"}],"up":[{"embeddable":true,"href":"https:\/\/www.fsr-verkehr.de\/en\/wp-json\/wp\/v2\/pages\/147"}],"wp:attachment":[{"href":"https:\/\/www.fsr-verkehr.de\/en\/wp-json\/wp\/v2\/media?parent=10676"}],"curies":[{"name":"wp","href":"https:\/\/api.w.org\/{rel}","templated":true}]}}