{"id":10991,"date":"2025-11-26T12:17:29","date_gmt":"2025-11-26T11:17:29","guid":{"rendered":"https:\/\/www.fsr-verkehr.de\/?page_id=10991"},"modified":"2026-01-14T10:49:07","modified_gmt":"2026-01-14T09:49:07","slug":"ausschreibungen","status":"publish","type":"page","link":"https:\/\/www.fsr-verkehr.de\/en\/ausschreibungen\/","title":{"rendered":"Ausschreibungen"},"content":{"rendered":"\n<p>Studierende k\u00f6nnen in verschiedenen Gremien und \u00c4mtern an der Gestaltung der Studieng\u00e4nge unserer Fakult\u00e4t mitwirken. F\u00fcr diese ist keine Mitgliedschaft im FSR notwendig.<\/p>\n\n\n\n<p>Kandidierende werden durch den FSR in die jeweiligen Gremien entsendet. Eine kurze Vorstellung auf der entsprechenden Sitzung ist deshalb sehr w\u00fcnschenswert.<\/p>\n\n\n\n<p>Die Kandidatur kann \u00fcber <a href=\"https:\/\/bildungsportal.sachsen.de\/opal\/auth\/RepositoryEntry\/28222947333\/CourseNode\/102884583158026\">diesen OPAL-Kurs<\/a> eingereicht werden.<\/p>\n\n\n\n<p>Informationen zu den einzelnen Gremien findet ihr auch <a href=\"https:\/\/www.fsr-verkehr.de\/der-fachschaftsrat\/gremienvertreter\/\" data-type=\"page\" data-id=\"119\">hier<\/a>. Dort findet ihr auch die Kontaktdaten anderer Studis in diesen Gremien, die ihr gerne ansprechen k\u00f6nnt.<\/p>\n\n\n\n<p>In allen F\u00e4llen sind Kanidaturen von Studentinnen besonders erw\u00fcnscht.<\/p>\n\n\n\n<p>Folgende Positionen sind derzeit zu besetzen:<\/p>\n\n\n\n<p>Derzeit keine.<\/p>\n","protected":false},"excerpt":{"rendered":"<p>Studierende k\u00f6nnen in verschiedenen Gremien und \u00c4mtern an der Gestaltung der Studieng\u00e4nge unserer Fakult\u00e4t mitwirken. F\u00fcr diese ist keine Mitgliedschaft im FSR notwendig. Kandidierende werden \u2026<\/p>\n","protected":false},"author":29,"featured_media":0,"parent":0,"menu_order":0,"comment_status":"closed","ping_status":"closed","template":"","meta":{"footnotes":""},"class_list":["post-10991","page","type-page","status-publish","hentry"],"translation":{"provider":"WPGlobus","version":"3.0.0","language":"en","enabled_languages":["de","en"],"languages":{"de":{"title":true,"content":true,"excerpt":false},"en":{"title":false,"content":false,"excerpt":false}}},"_links":{"self":[{"href":"https:\/\/www.fsr-verkehr.de\/en\/wp-json\/wp\/v2\/pages\/10991","targetHints":{"allow":["GET"]}}],"collection":[{"href":"https:\/\/www.fsr-verkehr.de\/en\/wp-json\/wp\/v2\/pages"}],"about":[{"href":"https:\/\/www.fsr-verkehr.de\/en\/wp-json\/wp\/v2\/types\/page"}],"author":[{"embeddable":true,"href":"https:\/\/www.fsr-verkehr.de\/en\/wp-json\/wp\/v2\/users\/29"}],"replies":[{"embeddable":true,"href":"https:\/\/www.fsr-verkehr.de\/en\/wp-json\/wp\/v2\/comments?post=10991"}],"version-history":[{"count":23,"href":"https:\/\/www.fsr-verkehr.de\/en\/wp-json\/wp\/v2\/pages\/10991\/revisions"}],"predecessor-version":[{"id":11323,"href":"https:\/\/www.fsr-verkehr.de\/en\/wp-json\/wp\/v2\/pages\/10991\/revisions\/11323"}],"wp:attachment":[{"href":"https:\/\/www.fsr-verkehr.de\/en\/wp-json\/wp\/v2\/media?parent=10991"}],"curies":[{"name":"wp","href":"https:\/\/api.w.org\/{rel}","templated":true}]}}