{"id":1451,"date":"2021-05-27T10:56:25","date_gmt":"2021-05-27T09:56:25","guid":{"rendered":"https:\/\/agdsn.me\/~fsr-verkehr\/?page_id=1451"},"modified":"2026-04-14T14:02:38","modified_gmt":"2026-04-14T12:02:38","slug":"masterstudiengaenge-sose","status":"publish","type":"page","link":"https:\/\/www.fsr-verkehr.de\/en\/studium\/opal-kurse-an-unserer-fakultaet\/masterstudiengaenge-sose\/","title":{"rendered":"Masterstudieng\u00e4nge (SoSe)"},"content":{"rendered":"\n<p>\u00dcbersicht \u00fcber die OPAL-Kurse und Lehrstuhlseiten f\u00fcr die Masterstudieng\u00e4nge<\/p>\n\n\n\n<ul class=\"wp-block-list\">\n<li><a href=\"#TEc\">Transportation Economics<\/a><\/li>\n\n\n\n<li><a href=\"#BSI\" data-type=\"internal\" data-id=\"#BSI\">Bahnsystemingenieurwesen<\/a><\/li>\n\n\n\n<li><a href=\"#ATL\">Air Transports and Logistics<\/a><\/li>\n\n\n\n<li><a href=\"#LuLo\" data-type=\"internal\" data-id=\"#LuLo\">Luftverkehr und Logistik<\/a><\/li>\n\n\n\n<li><a href=\"#EVS\" data-type=\"internal\" data-id=\"#EVS\">Elektrische Verkehrssysteme<\/a><\/li>\n<\/ul>\n\n\n\n<p>Ist dir ein Fehler aufgefallen oder fehlt ein Kurs? Dann geb uns doch bitte per Mail oder im FSR-B\u00fcro bescheid. Danke!<\/p>\n\n\n\n<h2 class=\"wp-block-heading\" id=\"TEc\">2<sup>nd<\/sup> Term: Transportation Economics (SoSe 25)<\/h2>\n\n\n\n<figure class=\"wp-block-table is-style-regular\"><table><tbody><tr><td><strong>Modul<\/strong><\/td><td><strong>Name<\/strong><\/td><td><strong>Specialization<\/strong><\/td><td><strong>Module responsible<\/strong><\/td><td><strong>OPAL-Course<\/strong><\/td><\/tr><tr><td>SPE 11<\/td><td>Decision Support in Transporation Logistics<\/td><td>Computational Logistics<\/td><td>Prof. Sch\u00f6nberger<\/td><td><a href=\"https:\/\/bildungsportal.sachsen.de\/opal\/auth\/RepositoryEntry\/34684403716\/\">OPAL-Course<\/a><\/td><\/tr><tr><td>SPE 12<\/td><td>Management of Public Transport Systems and Services<\/td><td>Computational Logistics<\/td><td>Prof. Sch\u00f6nberger<\/td><td><a href=\"https:\/\/bildungsportal.sachsen.de\/opal\/auth\/RepositoryEntry\/2004713489?17\">OPAL-Course<\/a><\/td><\/tr><tr><td>SPE 21<\/td><td>Cost-Benefit Analysis in Transport<\/td><td>Transport Policy<\/td><td>Dr. Tscharaktschiew<\/td><td><a rel=\"noreferrer noopener\" href=\"https:\/\/bildungsportal.sachsen.de\/opal\/auth\/RepositoryEntry\/6580305920?8\" target=\"_blank\">OPAL-Course<\/a><\/td><\/tr><tr><td>SPE 22<\/td><td>Cost and Prices in Transport<\/td><td>Transport Policy<\/td><td>Dr. Tscharaktschiew<\/td><td><a href=\"https:\/\/bildungsportal.sachsen.de\/opal\/auth\/RepositoryEntry\/10894671910?20\">OPAL-Course<\/a><\/td><\/tr><tr><td>SPE 31<\/td><td>Empirical Research in Spatial an Environmental Economics<\/td><td>Spatial and Environmental Economics<\/td><td>Prof. Hirte<\/td><td><a rel=\"noreferrer noopener\" href=\"https:\/\/bildungsportal.sachsen.de\/opal\/auth\/RepositoryEntry\/27046117383\" target=\"_blank\">OPAL-Course<\/a><\/td><\/tr><tr><td>SPE 32<\/td><td>Urban Economics<\/td><td>Spatial and Environmental Economics<\/td><td>Prof. Hirte<\/td><td><a href=\"https:\/\/bildungsportal.sachsen.de\/opal\/auth\/RepositoryEntry\/27046117382?22\">OPAL-Course<\/a><\/td><\/tr><tr><td>SPE 41<\/td><td>Applied Multivariate Statistics<\/td><td>Statistics<\/td><td>Prof. Okhrin<\/td><td><a rel=\"noreferrer noopener\" href=\"https:\/\/bildungsportal.sachsen.de\/opal\/auth\/RepositoryEntry\/12470583304\" target=\"_blank\">OPAL-Course<\/a><\/td><\/tr><tr><td>SPE 42a<\/td><td>Data-Driven Multivariate Statistics<\/td><td>Statistics<\/td><td>Prof. Okhrin<\/td><td><a href=\"https:\/\/bildungsportal.sachsen.de\/opal\/auth\/RepositoryEntry\/26656735244?24\">OPAL-Course<\/a><\/td><\/tr><tr><td>SPE 51<\/td><td>Advanced Methods in Data Analytics<\/td><td>Data Analytics in Transportation<\/td><td>Prof. Kerschke<\/td><td><a href=\"https:\/\/bildungsportal.sachsen.de\/opal\/auth\/RepositoryEntry\/39106969604\/CourseNode\/1648434531189078007\">OPAL-Course<\/a><\/td><\/tr><tr><td>SPE 52<\/td><td>Application of Data Analytics<\/td><td>Data Analytics in Transportation<\/td><td>Prof. Kerschke<\/td><td><a href=\"https:\/\/bildungsportal.sachsen.de\/opal\/auth\/RepositoryEntry\/36696391682\/CourseNode\/1662085755836932003\">OPAL-Course<\/a><\/td><\/tr><\/tbody><\/table><\/figure>\n\n\n\n<p>Following you only find Modules which we found in the <a href=\"https:\/\/tu-dresden.de\/bu\/verkehr\/ressourcen\/dateien\/studium\/stundenplaene\/sommersemester\/2025\/22_MTEc_2_Sem_25.pdf?lang=de\">Timetable for TEc<\/a> too. If you know about further Courses held place and their OPAL, so please inform us.<\/p>\n\n\n\n<figure class=\"wp-block-table is-style-regular\"><table><tbody><tr><td><strong>Modul<\/strong><\/td><td><strong>Name<\/strong><\/td><td><strong>Module responsible<\/strong><\/td><td><strong>OPAL-Course<\/strong><\/td><\/tr><tr><td>ERG 45<\/td><td>Traffic Flow Dynamics and Simulation<\/td><td>Dr. Treiber<\/td><td>not found<\/td><\/tr><tr><td>VIW 115<\/td><td>Safety<\/td><td>Prof. Fricke<\/td><td><a href=\"https:\/\/bildungsportal.sachsen.de\/opal\/auth\/RepositoryEntry\/16884400148\">OPAL-Course<\/a><\/td><\/tr><tr><td>VIW 115<\/td><td>Airline Management<\/td><td>Prof Fricke<\/td><td><a href=\"https:\/\/bildungsportal.sachsen.de\/opal\/auth\/RepositoryEntry\/16884400149\">OPAL-Course<\/a><\/td><\/tr><tr><td>VIW 116<\/td><td>Security<\/td><td>Prof. Fricke<\/td><td><a href=\"https:\/\/bildungsportal.sachsen.de\/opal\/auth\/RepositoryEntry\/16865230855\">OPAL-Course<\/a><\/td><\/tr><tr><td>VIW 116<\/td><td>Terminal Processes<\/td><td>Prof. Fricke<\/td><td><a href=\"https:\/\/bildungsportal.sachsen.de\/opal\/auth\/RepositoryEntry\/16872144907\">OPAL-Course<\/a><\/td><\/tr><tr><td>VIW 134<\/td><td>Advanced issues in psychology and behavioural economics<\/td><td>Dr. Schade<\/td><td><a href=\"https:\/\/bildungsportal.sachsen.de\/opal\/auth\/RepositoryEntry\/23083909126\">OPAL-Course<\/a><\/td><\/tr><tr><td>VIW 150<\/td><td>Objectives, Tasks, Responsibilities and Instruments of the Public Transport Authorities<\/td><td>Dr. Werner<\/td><td><a href=\"https:\/\/bildungsportal.sachsen.de\/opal\/auth\/RepositoryEntry\/48488284161\">OPAL-Course<\/a><\/td><\/tr><\/tbody><\/table><\/figure>\n\n\n\n<ul class=\"wp-block-list\">\n<li>Fakultative Course &#8220;Scientific Writing&#8221;:&nbsp;<a href=\"https:\/\/bildungsportal.sachsen.de\/opal\/auth\/RepositoryEntry\/21384527876\" target=\"_blank\" rel=\"noreferrer noopener\">OPAL-Kurs<\/a><\/li>\n<\/ul>\n\n\n\n<h2 class=\"wp-block-heading\" id=\"BSI\">2. Semester: Bahnsystemingenieurwesen (SoSe 25)<\/h2>\n\n\n\n<p>Im Studienablaufplan f\u00fcr das Semester als Pflichtveranstaltung vorhergesehen:<\/p>\n\n\n\n<figure class=\"wp-block-table is-style-regular\"><table><thead><tr><th scope=\"col\">Modul&nbsp;&nbsp;&nbsp;<\/th><th scope=\"col\">Lehrveranstaltung<\/th><th scope=\"col\">Verantwortlicher Dozent&nbsp;<\/th><th scope=\"col\">OPAL-Kurs<\/th><\/tr><\/thead><tbody><tr><td>01<\/td><td>Numerik im Verkehrswesen<\/td><td>Sch\u00e4licke<\/td><td><a href=\"https:\/\/bildungsportal.sachsen.de\/opal\/auth\/RepositoryEntry\/20012040204\/CourseNode\/99434005925881\">OPAL-Kurs<\/a><\/td><\/tr><tr><td>10<\/td><td>Verkehrssystemtheorie und Modellbildung<\/td><td>Dr. Opitz\/Kekes<\/td><td><a href=\"https:\/\/bildungsportal.sachsen.de\/opal\/auth\/RepositoryEntry\/23128703019\/CourseNode\/1616383399914545004\">OPAL-Kurs<\/a><\/td><\/tr><tr><td>80<\/td><td>Fahrdynamik und Grundlagen der Schienenfahrzeugtechnik<\/td><td>Bregulla<\/td><td><a href=\"https:\/\/bildungsportal.sachsen.de\/opal\/auth\/RepositoryEntry\/53247803392\/CourseNode\/87401488156772\">OPAL-Kurs<\/a><\/td><\/tr><\/tbody><\/table><\/figure>\n\n\n\n<p>Als Wahlpflichtmodule angeboten: <\/p>\n\n\n\n<figure class=\"wp-block-table\"><table><tbody><tr><td><strong>Modul<\/strong><\/td><td><strong>Lehrveranstaltung<\/strong><\/td><td><strong>Verantwortlicher Dozent<\/strong><\/td><td><strong>OPAL-Kurs<\/strong><\/td><\/tr><tr><td>15<\/td><td>Planung und Steuerung von Verkehrs- und Logistikprozessen<\/td><td>Prof. Sch\u00f6nberger<\/td><td><a href=\"https:\/\/bildungsportal.sachsen.de\/opal\/auth\/RepositoryEntry\/1968242701\/CourseNode\/83265446388928\">OPAL-Kurs<\/a><\/td><\/tr><tr><td>19<\/td><td>Entscheidungsprobleme der Unternehmenslogistik<\/td><td>Dr. Preis<\/td><td>OPAL-Kurs<\/td><\/tr><tr><td>32<\/td><td>Qualit\u00e4ts- und RAMS-Management<\/td><td>Prof. Sch\u00fctte\/Dr. H\u00f6ntsch<\/td><td><a href=\"https:\/\/bildungsportal.sachsen.de\/opal\/auth\/RepositoryEntry\/53191016449\/CourseNode\/1645759787884868007\">OPAL-Kurs<\/a><\/td><\/tr><tr><td>34a<\/td><td>Architekturen der Schienenverkehrstelematik<\/td><td>Sven Scholz<\/td><td><a href=\"https:\/\/bildungsportal.sachsen.de\/opal\/auth\/RepositoryEntry\/53191016450?50\">OPAL-Kurs<\/a><\/td><\/tr><tr><td>41a<\/td><td>Bau- und sicherungstechnischer Entwurf von Bahnanlagen<\/td><td>Dr. Hietzschold<br>Dr. Maschek<\/td><td><a href=\"https:\/\/bildungsportal.sachsen.de\/opal\/auth\/RepositoryEntry\/34257862661\/CourseNode\/1645673212144653012\">Modellgest\u00fctzte Gestaltung<\/a><br>Entwurf von Bahnanlagen<br><a href=\"https:\/\/bildungsportal.sachsen.de\/opal\/auth\/RepositoryEntry\/52879130628?55\">Sicherungstechnischer Entwurf<\/a><\/td><\/tr><tr><td>44<\/td><td>Rechnergest\u00fctzte Konstruktionssysteme bei Planung, Entwurf und Bau von <br>Bahnen<\/td><td>Dr. Hietzschold<\/td><td><a href=\"https:\/\/bildungsportal.sachsen.de\/opal\/auth\/RepositoryEntry\/43935793159\">OPAL-Kurs<\/a><\/td><\/tr><tr><td>45<\/td><td>Building Information Modeling im Verkehrswesen<\/td><td>Prof. Koettnitz<\/td><td><a href=\"https:\/\/bildungsportal.sachsen.de\/opal\/auth\/RepositoryEntry\/22289743872\/CourseNode\/100893818692219\">OPAL-Kurs<\/a><\/td><\/tr><tr><td>51<\/td><td>Bahnsicherungs- und -leittechnik<\/td><td>Sommer<\/td><td><a href=\"https:\/\/bildungsportal.sachsen.de\/opal\/auth\/RepositoryEntry\/53355544583?73\">OPAL-Kurs<\/a><\/td><\/tr><tr><td>54<\/td><td>Digital Rail Summer School<\/td><td>Dr. Maschek<\/td><td>OPAL-Kurs<\/td><\/tr><tr><td>61\/62<\/td><td>Bahnbetriebsmanagement\/ Bahnbetriebsprozesse und -betriebsplanung<\/td><td>Dr. Eisold<\/td><td><a href=\"https:\/\/bildungsportal.sachsen.de\/opal\/auth\/RepositoryEntry\/53342732288?76\">OPAL-Kurs<\/a><\/td><\/tr><tr><td>65<\/td><td>Akteure, Prozesse und Regelwerke im System Bahn<\/td><td>Prof. Salander<\/td><td>OPAL-Kurs<\/td><\/tr><tr><td>71<\/td><td>Betriebsplanung und -management im \u00d6ffentlichen Verkehr<\/td><td>Dutsch<\/td><td><a href=\"https:\/\/bildungsportal.sachsen.de\/opal\/auth\/RepositoryEntry\/17909383169?80\">OPAL-Kurs<\/a><\/td><\/tr><tr><td>74<\/td><td>Objectives, Tasks, Responsibilities and Instruments oft the Public Transport <br>Authorities<\/td><td>Dr. Werner<\/td><td>OPAL-Kurs<\/td><\/tr><tr><td>81<\/td><td>Fahrwerke der Schienenfahrzeuge<\/td><td>Dr. Harter<\/td><td><a href=\"https:\/\/bildungsportal.sachsen.de\/opal\/auth\/RepositoryEntry\/53228666882?83\">OPAL-Kurs<\/a><\/td><\/tr><tr><td>91<\/td><td>Verkehrs- und Infrastrukturplanung<\/td><td>Dr. Koszowski\/Dr. Lie\u00dfke<\/td><td><a href=\"https:\/\/bildungsportal.sachsen.de\/opal\/auth\/RepositoryEntry\/26727514139?85\">OPAL-Kurs<\/a><\/td><\/tr><tr><td>92<\/td><td>Grundlagen der Verkehrsmodellierung<\/td><td>Prof. Gerike<\/td><td>OPAL-Kurs<\/td><\/tr><\/tbody><\/table><\/figure>\n\n\n\n<ul class=\"wp-block-list\">\n<li>Fakultativer Kurs &#8220;Wissenschaftliches Schreiben&#8221;:&nbsp;<a rel=\"noreferrer noopener\" href=\"https:\/\/bildungsportal.sachsen.de\/opal\/auth\/RepositoryEntry\/21384527876\" target=\"_blank\">OPAL-Kurs<\/a><\/li>\n<\/ul>\n\n\n\n<h2 class=\"wp-block-heading\" id=\"ATL\">2<sup>nd <\/sup>Term: Air Transport and Logistics (SoSe 25)<\/h2>\n\n\n\n<figure class=\"wp-block-table\"><table><thead><tr><th scope=\"col\">Modul&nbsp;<\/th><th scope=\"col\">Lehrveranstaltung&nbsp;&nbsp;<\/th><th scope=\"col\">Verantw. Dozent&nbsp;&nbsp;&nbsp;<\/th><th scope=\"col\">OPAL Course<\/th><\/tr><\/thead><tbody><tr><td>04<\/td><td>Decision Making in Enterprise Logistics<\/td><td>Dr. Preis<\/td><td><a href=\"https:\/\/bildungsportal.sachsen.de\/opal\/auth\/RepositoryEntry\/43953881091\">Link<\/a><\/td><\/tr><tr><td>07-1<\/td><td>Air Traffic Control<\/td><td>Prof. Fricke<\/td><td><a href=\"https:\/\/bildungsportal.sachsen.de\/opal\/auth\/RepositoryEntry\/16854286343\">Link<\/a><\/td><\/tr><tr><td>07-2<\/td><td>Airport Operations<\/td><td>Prof. Fricke<\/td><td><a href=\"https:\/\/bildungsportal.sachsen.de\/opal\/auth\/RepositoryEntry\/16865230852\">Link<\/a><\/td><\/tr><tr><td>07-3<\/td><td>Air Transport Law Policy<\/td><td>Prof. Fricke<\/td><td><a href=\"https:\/\/bildungsportal.sachsen.de\/opal\/auth\/RepositoryEntry\/16865230867\">Link<\/a><\/td><\/tr><\/tbody><\/table><\/figure>\n\n\n\n<figure class=\"wp-block-table\"><table><thead><tr><th scope=\"col\">Modul&nbsp;<\/th><th scope=\"col\">Lehrveranstaltung&nbsp;&nbsp;<\/th><th scope=\"col\">Verantw. Dozent&nbsp;&nbsp;&nbsp;<\/th><th scope=\"col\">OPAL Course<\/th><\/tr><\/thead><tbody><tr><td>20<\/td><td>Airline Management<\/td><td>Prof. Fricke<\/td><td><a href=\"https:\/\/bildungsportal.sachsen.de\/opal\/auth\/RepositoryEntry\/16884400149\">Link<\/a><\/td><\/tr><tr><td>20<\/td><td>Safety<\/td><td>Prof. Fricke<\/td><td><a href=\"https:\/\/bildungsportal.sachsen.de\/opal\/auth\/RepositoryEntry\/16884400148\">Link<\/a><\/td><\/tr><tr><td>21<\/td><td>Terminal Processes<\/td><td>Prof. Fricke<\/td><td><a href=\"https:\/\/bildungsportal.sachsen.de\/opal\/auth\/RepositoryEntry\/16872144907\">Link<\/a><\/td><\/tr><tr><td>21<\/td><td>Security<\/td><td>Prof. Fricke<\/td><td><a href=\"https:\/\/bildungsportal.sachsen.de\/opal\/auth\/RepositoryEntry\/16865230855\">Link<\/a><\/td><\/tr><tr><td>22<\/td><td>Aircraft Engines (Luftfahrtantriebe)<\/td><td>Prof. Mailach<\/td><td><a href=\"https:\/\/bildungsportal.sachsen.de\/opal\/auth\/RepositoryEntry\/10948935680\">Link (german)<\/a><\/td><\/tr><tr><td>23<\/td><td>Helicopter Technology<\/td><td>Prof. Ke\u00dfler<\/td><td><a href=\"https:\/\/bildungsportal.sachsen.de\/opal\/auth\/RepositoryEntry\/23073882131\">Link<\/a><\/td><\/tr><\/tbody><\/table><\/figure>\n\n\n\n<figure class=\"wp-block-table\"><table><thead><tr><th scope=\"col\">Modul&nbsp;<\/th><th scope=\"col\">Lehrveranstaltung&nbsp;&nbsp;<\/th><th scope=\"col\">Verantw. Dozent&nbsp;&nbsp;&nbsp;<\/th><th scope=\"col\">OPAL Course<\/th><\/tr><\/thead><tbody><tr><td>50<\/td><td>Advanced Methods in Data Analytics<\/td><td>Prof. Kerschke<\/td><td><a href=\"https:\/\/bildungsportal.sachsen.de\/opal\/auth\/RepositoryEntry\/39106969604\">Link<\/a><\/td><\/tr><tr><td>51<\/td><td>Applied Multivariate Statistics<\/td><td>Prof. Okhrin<\/td><td><a href=\"https:\/\/bildungsportal.sachsen.de\/opal\/auth\/RepositoryEntry\/12470583304\">Link<\/a><\/td><\/tr><tr><td>52a<\/td><td>Data-Driven Multivariate Statistics<\/td><td>Prof. Okhrin<\/td><td><a href=\"https:\/\/bildungsportal.sachsen.de\/opal\/auth\/RepositoryEntry\/26656735244\">Link<\/a><\/td><\/tr><tr><td>53<\/td><td>Management of Public Transport Systems and Services<\/td><td>Prof. Sch\u00f6nberger<\/td><td><a href=\"https:\/\/bildungsportal.sachsen.de\/opal\/auth\/RepositoryEntry\/2004713489\">Link<\/a><\/td><\/tr><tr><td>55\/56<\/td><td>Advanced Theory of (Air) Transportation Systems (and Simulation)<\/td><td>Prof. Nachtigall<\/td><td><a href=\"https:\/\/bildungsportal.sachsen.de\/opal\/auth\/RepositoryEntry\/23204069418\">Link<\/a><\/td><\/tr><tr><td>63<\/td><td>Satellite-based and Position-based Communication<\/td><td>Prof. Michler<\/td><td><a href=\"https:\/\/bildungsportal.sachsen.de\/opal\/auth\/RepositoryEntry\/12267618304\">Link (23)<\/a><\/td><\/tr><tr><td>71<\/td><td>Transport and Infrastructure Planning<\/td><td>Prof. Gerike<\/td><td><a href=\"https:\/\/bildungsportal.sachsen.de\/opal\/auth\/RepositoryEntry\/26727514139\">Link<\/a><\/td><\/tr><tr><td>72<\/td><td>Basics of traffic modeling<\/td><td>Prof. Gerike<\/td><td>not found<\/td><\/tr><tr><td>81<\/td><td>Quality and RAMS Management<\/td><td>Prof. Sch\u00fctte<\/td><td><a href=\"https:\/\/bildungsportal.sachsen.de\/opal\/auth\/RepositoryEntry\/48471343108\">Link<\/a><\/td><\/tr><\/tbody><\/table><\/figure>\n\n\n\n<ul class=\"wp-block-list\">\n<li>Fakultative Course &#8220;Scientific Writing&#8221;:&nbsp;<a href=\"https:\/\/bildungsportal.sachsen.de\/opal\/auth\/RepositoryEntry\/21384527876\" target=\"_blank\" rel=\"noreferrer noopener\">OPAL-Kurs<\/a><\/li>\n<\/ul>\n\n\n\n<h2 class=\"wp-block-heading\" id=\"LuLo\">2. Semester: Luftverkehr und Logistik<\/h2>\n\n\n\n<figure class=\"wp-block-table\"><table><thead><tr><th scope=\"col\">Modul&nbsp;<\/th><th scope=\"col\">Lehrveranstaltung&nbsp;&nbsp;<\/th><th scope=\"col\">Verantw. Dozent&nbsp;&nbsp;&nbsp;<\/th><th scope=\"col\">OPAL-Kurs<\/th><\/tr><\/thead><tbody><tr><td>01<\/td><td>Erweiterte Verkehrssystemtheorie<\/td><td>Prof. Nachtigall\/Dr. Opitz<\/td><td><a rel=\"noreferrer noopener\" href=\"https:\/\/bildungsportal.sachsen.de\/opal\/auth\/RepositoryEntry\/23204069418\" target=\"_blank\">OPAL-Kurs<\/a><\/td><\/tr><tr><td>02<\/td><td>Logistik<\/td><td>Dr. Preis<\/td><td><a href=\"https:\/\/bildungsportal.sachsen.de\/opal\/auth\/RepositoryEntry\/18387763210?75\">OPAL-Kurs<\/a><\/td><\/tr><tr><td>03<\/td><td>Betriebsverhalten von Flugzeugtriebwerken<\/td><td>Prof. Fricke<\/td><td><a rel=\"noreferrer noopener\" href=\"https:\/\/bildungsportal.sachsen.de\/opal\/auth\/RepositoryEntry\/16872144903\" target=\"_blank\">OPAL-Kurs<\/a><\/td><\/tr><tr><td>04<\/td><td>Flugmeteorologie<\/td><td>Prof. Fricke<\/td><td><a rel=\"noreferrer noopener\" href=\"https:\/\/bildungsportal.sachsen.de\/opal\/auth\/RepositoryEntry\/16865230866?41\" target=\"_blank\">OPAL-Kurs<\/a><\/td><\/tr><tr><td>04<\/td><td>Flugplanung<\/td><td>Prof. Fricke<\/td><td><a rel=\"noreferrer noopener\" href=\"https:\/\/bildungsportal.sachsen.de\/opal\/auth\/RepositoryEntry\/16884400147?39\" target=\"_blank\">OPAL-Kurs<\/a><\/td><\/tr><tr><td>06<\/td><td>Flugsicherung<\/td><td>Prof. Fricke<\/td><td><a rel=\"noreferrer noopener\" href=\"https:\/\/bildungsportal.sachsen.de\/opal\/auth\/RepositoryEntry\/16854286343\" target=\"_blank\">OPAL-Kurs<\/a><\/td><\/tr><tr><td>06<\/td><td>Flugplatzbetrieb<\/td><td>Dr. Schultz<\/td><td><a rel=\"noreferrer noopener\" href=\"https:\/\/bildungsportal.sachsen.de\/opal\/auth\/RepositoryEntry\/16865230852\" target=\"_blank\">OPAL-Kurs<\/a><\/td><\/tr><tr><td>06<\/td><td>Luftverkehrsrecht + -politik<\/td><td>Prof. St\u00f6wer<\/td><td><a rel=\"noreferrer noopener\" href=\"https:\/\/bildungsportal.sachsen.de\/opal\/auth\/RepositoryEntry\/16865230867\" target=\"_blank\">OPAL-Kurs<\/a><\/td><\/tr><\/tbody><\/table><\/figure>\n\n\n\n<p><strong>Vertiefungsrichtungen<\/strong><\/p>\n\n\n\n<figure class=\"wp-block-table\"><table><thead><tr><th scope=\"col\">Modul&nbsp;<\/th><th scope=\"col\">Lehrveranstaltung&nbsp;&nbsp;<\/th><th scope=\"col\">Verantw. Dozent&nbsp;&nbsp;&nbsp;<\/th><th scope=\"col\">OPAL-Kurs<\/th><\/tr><\/thead><tbody><tr><td>50<\/td><td>Safety<\/td><td>Prof. Fricke<\/td><td><a rel=\"noreferrer noopener\" href=\"https:\/\/bildungsportal.sachsen.de\/opal\/auth\/RepositoryEntry\/16884400148\" target=\"_blank\">OPAL-Kurs<\/a><\/td><\/tr><tr><td>50<\/td><td>Airline Management<\/td><td>Prof. Fricke<\/td><td><a rel=\"noreferrer noopener\" href=\"https:\/\/bildungsportal.sachsen.de\/opal\/auth\/RepositoryEntry\/16884400149\" target=\"_blank\">OPAL-Kurs<\/a><\/td><\/tr><tr><td>51<\/td><td>Terminal Operations<\/td><td>Prof. Fricke<\/td><td><a rel=\"noreferrer noopener\" href=\"https:\/\/bildungsportal.sachsen.de\/opal\/auth\/RepositoryEntry\/16872144907\" target=\"_blank\">OPAL-Kurs<\/a><\/td><\/tr><tr><td>52<\/td><td>Flugzeugtriebwerke<\/td><td>Prof. Mailach<\/td><td><a rel=\"noreferrer noopener\" href=\"https:\/\/bildungsportal.sachsen.de\/opal\/auth\/RepositoryEntry\/10948935680\" target=\"_blank\">OPAL-Kurs<\/a><\/td><\/tr><tr><td>58<\/td><td>Verkehrssensorik<\/td><td>Prof. Michler<\/td><td><a rel=\"noreferrer noopener\" href=\"https:\/\/bildungsportal.sachsen.de\/opal\/auth\/RepositoryEntry\/13751910408\" target=\"_blank\">OPAL-Kurs<\/a><\/td><\/tr><tr><td>61<\/td><td>Qualit\u00e4ts+ RAMS-Management<\/td><td>Prof. Sch\u00fctte<\/td><td><a href=\"https:\/\/bildungsportal.sachsen.de\/opal\/auth\/RepositoryEntry\/38944243719?93\">OPAL-Kurs<\/a><\/td><\/tr><tr><td>63<\/td><td>Verkehrstelematik-Netze<\/td><td>Prof. Michler<\/td><td><a href=\"https:\/\/bildungsportal.sachsen.de\/opal\/auth\/RepositoryEntry\/12278792195\">OPAL-Kurs<\/a><\/td><\/tr><tr><td>64<\/td><td>Satellitenkommunik. und positionsbezogene Kommunikationssys.<\/td><td>Prof. Michler<\/td><td><a rel=\"noreferrer noopener\" href=\"https:\/\/bildungsportal.sachsen.de\/opal\/auth\/RepositoryEntry\/12267618304\/CourseNode\/94318926757104\" target=\"_blank\">OPAL-Kurs<\/a><\/td><\/tr><tr><td>67<\/td><td>Hubschrauber-Technologie<\/td><td>Prof. Ke\u00dfler<\/td><td><a href=\"https:\/\/bildungsportal.sachsen.de\/opal\/auth\/RepositoryEntry\/23073882131\">OPAL-Kurs<\/a><\/td><\/tr><tr><td>68<\/td><td>Optische Wahrnehmung+Lichttechnik<\/td><td>Dipl.-Ing. Schulze<\/td><td><a rel=\"noreferrer noopener\" href=\"https:\/\/bildungsportal.sachsen.de\/opal\/auth\/RepositoryEntry\/2468020234?10\" target=\"_blank\">OPAL-Kurs<\/a><\/td><\/tr><tr><td>69<\/td><td>Verkehrspsychologie<\/td><td>Prof. Petzoldt<\/td><td><a rel=\"noreferrer noopener\" href=\"https:\/\/bildungsportal.sachsen.de\/opal\/auth\/RepositoryEntry\/3406757889\" target=\"_blank\">OPAL-Kurs<\/a><\/td><\/tr><tr><td>69<\/td><td>Human Factors<\/td><td>Dipl.-Ing. Schulze<\/td><td><a href=\"https:\/\/bildungsportal.sachsen.de\/opal\/auth\/RepositoryEntry\/14181302278?101\">OPAL-Kurs<\/a><\/td><\/tr><\/tbody><\/table><\/figure>\n\n\n\n<ul class=\"wp-block-list\">\n<li>Fakultativer Kurs &#8220;Wissenschaftliches Arbeiten&#8221;&nbsp;<a rel=\"noreferrer noopener\" href=\"https:\/\/bildungsportal.sachsen.de\/opal\/auth\/RepositoryEntry\/21384527876\" target=\"_blank\">OPAL-Kurs<\/a><\/li>\n<\/ul>\n\n\n\n<h2 class=\"wp-block-heading\" id=\"EVS\">2. Semester: Elektrische Verkehrssysteme (SoSe 25)<\/h2>\n\n\n\n<figure class=\"wp-block-table\"><table><thead><tr><th class=\"has-text-align-right\" data-align=\"right\" scope=\"col\">Modul&nbsp;&nbsp;<\/th><th scope=\"col\">Lehrveranstaltung<\/th><th scope=\"col\">Verantw. Dozent<\/th><th scope=\"col\">OPAL-Kurs<\/th><\/tr><\/thead><tbody><tr><td class=\"has-text-align-right\" data-align=\"right\">03<\/td><td>Elektrische Fahrzeuge<\/td><td>Prof. Stephan<\/td><td><a href=\"https:\/\/bildungsportal.sachsen.de\/opal\/auth\/RepositoryEntry\/48769597444\">OPAL<\/a><\/td><\/tr><tr><td class=\"has-text-align-right\" data-align=\"right\">03<\/td><td>Energieversorgung elektr. Fahrzeuge<\/td><td>Prof. Stephan<\/td><td><a href=\"https:\/\/bildungsportal.sachsen.de\/opal\/auth\/RepositoryEntry\/46583480324\">OPAL<\/a><\/td><\/tr><tr><td class=\"has-text-align-right\" data-align=\"right\">05<\/td><td>Fahrzeugelektronik<\/td><td>Prof. B\u00e4ker<\/td><td><a href=\"https:\/\/bildungsportal.sachsen.de\/opal\/auth\/RepositoryEntry\/29419241487\">OPAL<\/a><\/td><\/tr><tr><td class=\"has-text-align-right\" data-align=\"right\">05<\/td><td>Leistungselektronik<\/td><td>M. Sc. Schmitz<\/td><td><a href=\"https:\/\/bildungsportal.sachsen.de\/opal\/auth\/RepositoryEntry\/11621072899\">OPAL<\/a><\/td><\/tr><\/tbody><\/table><\/figure>\n\n\n\n<p><br><strong>Wahlpflichtmodule<\/strong><\/p>\n\n\n\n<figure class=\"wp-block-table\"><table><thead><tr><th scope=\"col\">Modul&nbsp;&nbsp;<\/th><th scope=\"col\">Lehrveranstaltung<\/th><th scope=\"col\">Verantw. Dozent&nbsp;&nbsp;<\/th><th scope=\"col\">OPAL-Kurs<\/th><\/tr><\/thead><tbody><tr><td>53<\/td><td>Simulationssysteme<\/td><td>Prof. Stephan<\/td><td><a href=\"https:\/\/bildungsportal.sachsen.de\/opal\/auth\/RepositoryEntry\/48752394243\">OPAL<\/a><\/td><\/tr><tr><td>55<\/td><td>Fahrmotoren<\/td><td>M.Sc. Strohh\u00e4cker<\/td><td><a href=\"https:\/\/bildungsportal.sachsen.de\/opal\/auth\/RepositoryEntry\/48784506889\">OPAL<\/a><\/td><\/tr><tr><td>56<\/td><td>Umrichter- und Leitsysteme in der Bahntechnik<\/td><td>Hellinger<\/td><td><a href=\"https:\/\/bildungsportal.sachsen.de\/opal\/auth\/RepositoryEntry\/48963125250\">OPAL<\/a><\/td><\/tr><tr><td>66<\/td><td>Akteure, Prozesse und Regelwerke im System Bahn<\/td><td>Salander<\/td><td><a href=\"https:\/\/bildungsportal.sachsen.de\/opal\/auth\/RepositoryEntry\/48488284162\">OPAL<\/a><\/td><\/tr><\/tbody><\/table><\/figure>\n\n\n\n<ul class=\"wp-block-list\">\n<li>Fakultativer Kurs &#8220;Wissenschaftliches Schreiben&#8221;:&nbsp;<a rel=\"noreferrer noopener\" href=\"https:\/\/bildungsportal.sachsen.de\/opal\/auth\/RepositoryEntry\/21384527876\" target=\"_blank\">OPAL-Kurs<\/a><\/li>\n<\/ul>\n\n\n\n<p><\/p>\n","protected":false},"excerpt":{"rendered":"<p>\u00dcbersicht \u00fcber die OPAL-Kurse und Lehrstuhlseiten f\u00fcr die Masterstudieng\u00e4nge Ist dir ein Fehler aufgefallen oder fehlt ein Kurs? Dann geb uns doch bitte per Mail \u2026<\/p>\n","protected":false},"author":2,"featured_media":6031,"parent":143,"menu_order":0,"comment_status":"closed","ping_status":"closed","template":"","meta":{"footnotes":""},"class_list":["post-1451","page","type-page","status-publish","has-post-thumbnail","hentry"],"translation":{"provider":"WPGlobus","version":"3.0.0","language":"en","enabled_languages":["de","en"],"languages":{"de":{"title":true,"content":true,"excerpt":false},"en":{"title":false,"content":false,"excerpt":false}}},"_links":{"self":[{"href":"https:\/\/www.fsr-verkehr.de\/en\/wp-json\/wp\/v2\/pages\/1451","targetHints":{"allow":["GET"]}}],"collection":[{"href":"https:\/\/www.fsr-verkehr.de\/en\/wp-json\/wp\/v2\/pages"}],"about":[{"href":"https:\/\/www.fsr-verkehr.de\/en\/wp-json\/wp\/v2\/types\/page"}],"author":[{"embeddable":true,"href":"https:\/\/www.fsr-verkehr.de\/en\/wp-json\/wp\/v2\/users\/2"}],"replies":[{"embeddable":true,"href":"https:\/\/www.fsr-verkehr.de\/en\/wp-json\/wp\/v2\/comments?post=1451"}],"version-history":[{"count":63,"href":"https:\/\/www.fsr-verkehr.de\/en\/wp-json\/wp\/v2\/pages\/1451\/revisions"}],"predecessor-version":[{"id":11618,"href":"https:\/\/www.fsr-verkehr.de\/en\/wp-json\/wp\/v2\/pages\/1451\/revisions\/11618"}],"up":[{"embeddable":true,"href":"https:\/\/www.fsr-verkehr.de\/en\/wp-json\/wp\/v2\/pages\/143"}],"wp:featuredmedia":[{"embeddable":true,"href":"https:\/\/www.fsr-verkehr.de\/en\/wp-json\/wp\/v2\/media\/6031"}],"wp:attachment":[{"href":"https:\/\/www.fsr-verkehr.de\/en\/wp-json\/wp\/v2\/media?parent=1451"}],"curies":[{"name":"wp","href":"https:\/\/api.w.org\/{rel}","templated":true}]}}