{"id":151,"date":"2021-01-29T16:28:22","date_gmt":"2021-01-29T16:28:22","guid":{"rendered":"https:\/\/agdsn.me\/~fsr-verkehr\/?page_id=151"},"modified":"2025-10-30T15:56:46","modified_gmt":"2025-10-30T14:56:46","slug":"studiendokumente","status":"publish","type":"page","link":"https:\/\/www.fsr-verkehr.de\/en\/studium\/studiendokumente\/","title":{"rendered":"Studiendokumente"},"content":{"rendered":"\n<p><strong>Alle Angaben ohne Gew\u00e4hr!<\/strong><\/p>\n\n\n\n<p>Alle Studienunterlagen (auch aus fr\u00fcheren Jahren) und weitere hilfreiche Informationen zu den Studieng\u00e4ngen der Fakult\u00e4t f\u00fcr Verkehrswissenschaften findet ihr auch auf der offiziellen <a href=\"https:\/\/tu-dresden.de\/bu\/verkehr\">Website der Fakult\u00e4t<\/a>.<\/p>\n\n\n\n<div class=\"wp-block-pb-accordion-item c-accordion__item js-accordion-item no-js\" data-initially-open=\"false\" data-click-to-close=\"true\" data-auto-close=\"true\" data-scroll=\"false\" data-scroll-offset=\"0\"><h2 id=\"at-1510\" class=\"c-accordion__title js-accordion-controller\" role=\"button\">Bachelor Mobilit\u00e4t und Verkehrssysteme (MOVE)<\/h2><div id=\"ac-1510\" class=\"c-accordion__content\">\n<h3 class=\"wp-block-heading\">Immatrikulation ab WS 2025\/26<\/h3>\n\n\n\n<ul class=\"wp-block-list\">\n<li><a href=\"https:\/\/www.verw.tu-dresden.de\/Amtbek\/PDF-Dateien\/2025-08\/07_16poBA23.05.2025.pdf\">Pr\u00fcfungsordnung<\/a><\/li>\n\n\n\n<li><a href=\"https:\/\/www.verw.tu-dresden.de\/Amtbek\/PDF-Dateien\/2025-08\/08_16soBA23.05.2025.pdf\">Studienordnung<\/a><\/li>\n<\/ul>\n<\/div><\/div>\n\n\n\n<div class=\"wp-block-pb-accordion-item c-accordion__item js-accordion-item no-js\" data-initially-open=\"false\" data-click-to-close=\"true\" data-auto-close=\"true\" data-scroll=\"false\" data-scroll-offset=\"0\"><h2 id=\"at-1511\" class=\"c-accordion__title js-accordion-controller\" role=\"button\">Bachelor Verkehrswirtschaft (VWI)<\/h2><div id=\"ac-1511\" class=\"c-accordion__content\">\n<h3 class=\"wp-block-heading\">Immatrikulation ab WS 2023\/24<\/h3>\n\n\n\n<ul class=\"wp-block-list\">\n<li><a href=\"https:\/\/www.verw.tu-dresden.de\/Amtbek\/PDF-Dateien\/2023-10\/02_16poBA27.06.2023.pdf\">Pr\u00fcfungsordnung<\/a><\/li>\n\n\n\n<li><a href=\"https:\/\/www.verw.tu-dresden.de\/Amtbek\/PDF-Dateien\/2023-10\/01_16soBA27.06.2023.pdf\">Studienordnung<\/a><\/li>\n<\/ul>\n\n\n\n<h3 class=\"wp-block-heading\">Immatrikulation ab WS 2014\/15<\/h3>\n\n\n\n<ul class=\"wp-block-list\">\n<li><a href=\"https:\/\/www.verw.tu-dresden.de\/Amtbek\/PDF-Dateien\/2017-21\/16poBA25.09.2017.pdf\">Pr\u00fcfungsordnung<\/a> (+ <a href=\"https:\/\/www.verw.tu-dresden.de\/Amtbek\/PDF-Dateien\/2020-01\/06_16poBA27.11.2019.pdf\">\u00c4nderung<\/a>)<\/li>\n\n\n\n<li><a href=\"https:\/\/www.verw.tu-dresden.de\/Amtbek\/PDF-Dateien\/2017-21\/16soBA25.09.2017.pdf\">Studienordnung<\/a> (+ <a href=\"https:\/\/www.verw.tu-dresden.de\/Amtbek\/PDF-Dateien\/2018-05\/28_16soBA14032018.pdf\">1. \u00c4nderung<\/a> und <a href=\"https:\/\/www.verw.tu-dresden.de\/AmtBek\/PDF-Dateien\/2020-01\/05_16soBA27.11.2019.pdf\">2. \u00c4nderung<\/a>)<\/li>\n<\/ul>\n<\/div><\/div>\n\n\n\n<div class=\"wp-block-pb-accordion-item c-accordion__item js-accordion-item no-js\" data-initially-open=\"false\" data-click-to-close=\"true\" data-auto-close=\"true\" data-scroll=\"false\" data-scroll-offset=\"0\"><h2 id=\"at-1512\" class=\"c-accordion__title js-accordion-controller\" role=\"button\">Diplom Verkehrsingenieurwesen (VIW)<\/h2><div id=\"ac-1512\" class=\"c-accordion__content\">\n<h3 class=\"wp-block-heading\"><strong>2025er-Ordnung<\/strong><\/h3>\n\n\n\n<ul class=\"wp-block-list\">\n<li><a href=\"https:\/\/www.verw.tu-dresden.de\/Amtbek\/PDF-Dateien\/2025-10\/01_16poD_VIW17.07.2025.pdf\">Pr\u00fcfungsordnung<\/a><\/li>\n\n\n\n<li><a href=\"https:\/\/www.verw.tu-dresden.de\/Amtbek\/PDF-Dateien\/2025-10\/02_16soD_VIW17.07.2025.pdf\">Studienordnung<\/a><\/li>\n<\/ul>\n\n\n\n<h3 class=\"wp-block-heading\">Immatrikulation ab WS 2022\/23<\/h3>\n\n\n\n<ul class=\"wp-block-list\">\n<li><a href=\"https:\/\/www.verw.tu-dresden.de\/AmtBek\/PDF-Dateien\/06-2022\/05_16poD07.07.2022.pdf\">Pr\u00fcfungsordnung<\/a><\/li>\n\n\n\n<li><a href=\"https:\/\/www.verw.tu-dresden.de\/AmtBek\/PDF-Dateien\/06-2022\/04_16soD07.07.2022.pdf\">Studienordnung<\/a><\/li>\n<\/ul>\n\n\n\n<h3 class=\"wp-block-heading\">Immatrikulation ab WS 2013\/14<\/h3>\n\n\n\n<ul class=\"wp-block-list\">\n<li><a href=\"https:\/\/www.verw.tu-dresden.de\/Amtbek\/PDF-Dateien\/2016-08\/16poD30.05.2016.pdf\">Pr\u00fcfungsordnung<\/a> (+ <a href=\"https:\/\/www.verw.tu-dresden.de\/Amtbek\/PDF-Dateien\/2019-03\/06_16poD04.03.2019.pdf\">\u00c4nderung<\/a>)<\/li>\n\n\n\n<li><a href=\"https:\/\/www.verw.tu-dresden.de\/Amtbek\/PDF-Dateien\/2016-08\/16soD30.05.2016.pdf\">Studienordnung<\/a> (+ <a href=\"https:\/\/www.verw.tu-dresden.de\/Amtbek\/PDF-Dateien\/2016-13\/16soD10.09.2016.pdf\">\u00c4nderung<\/a>)<\/li>\n<\/ul>\n<\/div><\/div>\n\n\n\n<div class=\"wp-block-pb-accordion-item c-accordion__item js-accordion-item no-js\" data-initially-open=\"false\" data-click-to-close=\"true\" data-auto-close=\"true\" data-scroll=\"false\" data-scroll-offset=\"0\"><h2 id=\"at-1513\" class=\"c-accordion__title js-accordion-controller\" role=\"button\">Master Air Transport and Logistics (ATL)<\/h2><div id=\"ac-1513\" class=\"c-accordion__content\">\n<h3 class=\"wp-block-heading\">Immatrikulation ab WS 2023\/24<\/h3>\n\n\n\n<ul class=\"wp-block-list\">\n<li><a href=\"https:\/\/www.verw.tu-dresden.de\/Amtbek\/PDF-Dateien\/2023-04\/03_16poM10.03.2023.pdf\">Pr\u00fcfungsordnung<\/a><\/li>\n\n\n\n<li><a href=\"https:\/\/www.verw.tu-dresden.de\/Amtbek\/PDF-Dateien\/2023-04\/02_16soM10.03.2023.pdf\">Studienordnung<\/a> (+ <a href=\"https:\/\/www.verw.tu-dresden.de\/Amtbek\/PDF-Dateien\/2025-01\/04_16_soM17.12.2024.pdf\">\u00c4nderung<\/a>)<\/li>\n\n\n\n<li><a href=\"https:\/\/www.verw.tu-dresden.de\/Amtbek\/PDF-Dateien\/2025-02\/20_eignungsfesto_ATL25022025.pdf\">Eignungsfeststellungsordnung<\/a><\/li>\n<\/ul>\n<\/div><\/div>\n\n\n\n<div class=\"wp-block-pb-accordion-item c-accordion__item js-accordion-item no-js\" data-initially-open=\"false\" data-click-to-close=\"true\" data-auto-close=\"true\" data-scroll=\"false\" data-scroll-offset=\"0\"><h2 id=\"at-1514\" class=\"c-accordion__title js-accordion-controller\" role=\"button\">Master Bahnsystemingenieurwesen (BSI)<\/h2><div id=\"ac-1514\" class=\"c-accordion__content\">\n<h3 class=\"wp-block-heading\">Immatrikulation ab WS 2023\/24<\/h3>\n\n\n\n<ul class=\"wp-block-list\">\n<li><a href=\"https:\/\/www.verw.tu-dresden.de\/Amtbek\/PDF-Dateien\/2023-04\/05_16poMB10.03.2023.pdf\">Pr\u00fcfungsordnung<\/a><\/li>\n\n\n\n<li><a href=\"https:\/\/www.verw.tu-dresden.de\/Amtbek\/PDF-Dateien\/2023-04\/04_16soMB10.03.2023.pdf\">Studienordnung<\/a><\/li>\n<\/ul>\n\n\n\n<h3 class=\"wp-block-heading\">Immatrikulation ab WS 2008\/09<\/h3>\n\n\n\n<ul class=\"wp-block-list\">\n<li><a href=\"https:\/\/www.verw.tu-dresden.de\/Amtbek\/PDF-Dateien\/2012-05\/16poM19.08.2012.pdf\">Pr\u00fcfungsordnung<\/a> (+ <a href=\"https:\/\/www.verw.tu-dresden.de\/Amtbek\/PDF-Dateien\/2013-07\/16poM30.11.2013.pdf\">\u00c4nderung<\/a>)<\/li>\n\n\n\n<li><a href=\"https:\/\/www.verw.tu-dresden.de\/Amtbek\/PDF-Dateien\/2012-05\/16soM19.08.2012.pdf\">Studienordnung<\/a> (+ <a href=\"https:\/\/www.verw.tu-dresden.de\/Amtbek\/PDF-Dateien\/2013-07\/16soM30.11.2013.pdf\">1. \u00c4nderung<\/a> und <a href=\"https:\/\/www.verw.tu-dresden.de\/Amtbek\/PDF-Dateien\/2015-16\/16soM25.04.2015.pdf\">2. \u00c4nderung<\/a>)<\/li>\n<\/ul>\n<\/div><\/div>\n\n\n\n<div class=\"wp-block-pb-accordion-item c-accordion__item js-accordion-item no-js\" data-initially-open=\"false\" data-click-to-close=\"true\" data-auto-close=\"true\" data-scroll=\"false\" data-scroll-offset=\"0\"><h2 id=\"at-1515\" class=\"c-accordion__title js-accordion-controller\" role=\"button\">Master Elektrische Verkehrssysteme (EVS)<\/h2><div id=\"ac-1515\" class=\"c-accordion__content\">\n<h3 class=\"wp-block-heading\">Immatrikulation ab WS 2023\/24<\/h3>\n\n\n\n<ul class=\"wp-block-list\">\n<li><a href=\"https:\/\/www.verw.tu-dresden.de\/Amtbek\/PDF-Dateien\/2023-05\/03_16poM21.04.2023.pdf\">Pr\u00fcfungsordnung<\/a><\/li>\n\n\n\n<li><a href=\"https:\/\/www.verw.tu-dresden.de\/Amtbek\/PDF-Dateien\/2023-05\/02_16soM21.04.2023.pdf\">Studienordnung<\/a><\/li>\n<\/ul>\n\n\n\n<h3 class=\"wp-block-heading\">Immatrikulation ab WS 2019\/20<\/h3>\n\n\n\n<ul class=\"wp-block-list\">\n<li><a href=\"https:\/\/www.verw.tu-dresden.de\/Amtbek\/PDF-Dateien\/2019-03\/04_16poM21.02.2019.pdf\">Pr\u00fcfungsordnung<\/a><\/li>\n\n\n\n<li><a href=\"https:\/\/www.verw.tu-dresden.de\/Amtbek\/PDF-Dateien\/2019-03\/03_16soM21.02.2019.pdf\">Studienordnung<\/a><\/li>\n<\/ul>\n<\/div><\/div>\n\n\n\n<div class=\"wp-block-pb-accordion-item c-accordion__item js-accordion-item no-js\" data-initially-open=\"false\" data-click-to-close=\"true\" data-auto-close=\"true\" data-scroll=\"false\" data-scroll-offset=\"0\"><h2 id=\"at-1516\" class=\"c-accordion__title js-accordion-controller\" role=\"button\">Master Transportation Economics (EVS)<\/h2><div id=\"ac-1516\" class=\"c-accordion__content\">\n<h3 class=\"wp-block-heading\">Immatrikulation ab WS 2021\/22<\/h3>\n\n\n\n<ul class=\"wp-block-list\">\n<li><a href=\"https:\/\/www.verw.tu-dresden.de\/Amtbek\/PDF-Dateien\/2021-07\/06_16poM25.05.2021.pdf\">Pr\u00fcfungsordnung<\/a> (+ <a href=\"https:\/\/www.verw.tu-dresden.de\/Amtbek\/PDF-Dateien\/2023-01\/09_16poM17.01.2023.pdf\">\u00c4nderung<\/a>)<\/li>\n\n\n\n<li><a href=\"https:\/\/www.verw.tu-dresden.de\/Amtbek\/PDF-Dateien\/2021-07\/05_16soM25.05.2021.pdf\">Studienordnung<\/a> (+ <a href=\"https:\/\/www.verw.tu-dresden.de\/Amtbek\/PDF-Dateien\/2023-01\/08_16soM17.01.2023.pdf\">\u00c4nderung<\/a>)<\/li>\n\n\n\n<li><a href=\"https:\/\/www.verw.tu-dresden.de\/AmtBek\/PDF-Dateien\/2013-02\/16poMC20.03.2013.pdf\">Multiple-Choice-Ordnung<\/a><\/li>\n\n\n\n<li><a href=\"https:\/\/www.verw.tu-dresden.de\/Amtbek\/PDF-Dateien\/2025-02\/07_eignungsfesto_TE13022025.pdf\">Eignungsfeststellungsordnung<\/a><\/li>\n<\/ul>\n<\/div><\/div>\n","protected":false},"excerpt":{"rendered":"<p>Alle Angaben ohne Gew\u00e4hr! Alle Studienunterlagen (auch aus fr\u00fcheren Jahren) und weitere hilfreiche Informationen zu den Studieng\u00e4ngen der Fakult\u00e4t f\u00fcr Verkehrswissenschaften findet ihr auch auf \u2026<\/p>\n","protected":false},"author":8,"featured_media":6031,"parent":104,"menu_order":0,"comment_status":"closed","ping_status":"closed","template":"","meta":{"footnotes":""},"class_list":["post-151","page","type-page","status-publish","has-post-thumbnail","hentry"],"translation":{"provider":"WPGlobus","version":"3.0.0","language":"en","enabled_languages":["de","en"],"languages":{"de":{"title":true,"content":true,"excerpt":false},"en":{"title":false,"content":false,"excerpt":false}}},"_links":{"self":[{"href":"https:\/\/www.fsr-verkehr.de\/en\/wp-json\/wp\/v2\/pages\/151","targetHints":{"allow":["GET"]}}],"collection":[{"href":"https:\/\/www.fsr-verkehr.de\/en\/wp-json\/wp\/v2\/pages"}],"about":[{"href":"https:\/\/www.fsr-verkehr.de\/en\/wp-json\/wp\/v2\/types\/page"}],"author":[{"embeddable":true,"href":"https:\/\/www.fsr-verkehr.de\/en\/wp-json\/wp\/v2\/users\/8"}],"replies":[{"embeddable":true,"href":"https:\/\/www.fsr-verkehr.de\/en\/wp-json\/wp\/v2\/comments?post=151"}],"version-history":[{"count":51,"href":"https:\/\/www.fsr-verkehr.de\/en\/wp-json\/wp\/v2\/pages\/151\/revisions"}],"predecessor-version":[{"id":10903,"href":"https:\/\/www.fsr-verkehr.de\/en\/wp-json\/wp\/v2\/pages\/151\/revisions\/10903"}],"up":[{"embeddable":true,"href":"https:\/\/www.fsr-verkehr.de\/en\/wp-json\/wp\/v2\/pages\/104"}],"wp:featuredmedia":[{"embeddable":true,"href":"https:\/\/www.fsr-verkehr.de\/en\/wp-json\/wp\/v2\/media\/6031"}],"wp:attachment":[{"href":"https:\/\/www.fsr-verkehr.de\/en\/wp-json\/wp\/v2\/media?parent=151"}],"curies":[{"name":"wp","href":"https:\/\/api.w.org\/{rel}","templated":true}]}}