{"id":2202,"date":"2021-09-17T20:29:48","date_gmt":"2021-09-17T18:29:48","guid":{"rendered":"https:\/\/fsr-verkehr.de\/?page_id=2202"},"modified":"2026-04-05T13:05:23","modified_gmt":"2026-04-05T11:05:23","slug":"sose","status":"publish","type":"page","link":"https:\/\/www.fsr-verkehr.de\/en\/studium\/stundenplaene\/sose\/","title":{"rendered":"Stundenpl\u00e4ne (Sommersemester)"},"content":{"rendered":"\n<h2 class=\"wp-block-heading\">Allgemeine Hinweise<\/h2>\n\n\n\n<p>Auf dieser Seite befinden sich die Stundenpl\u00e4ne f\u00fcr alle an der Fakult\u00e4t Verkehrswissenschaften \u201eFriedrich List\u201c angebotenen Studieng\u00e4nge.<\/p>\n\n\n\n<p>F\u00fcr die Richtigkeit der Pl\u00e4ne wird keine Gew\u00e4hr \u00fcbernommen. Die aktuellen Stundenpl\u00e4ne finden sich auch <a href=\"https:\/\/tu-dresden.de\/bu\/verkehr\/studium\/stundenplanung-lehrveranstaltungen\/aktuelle-stundenplaene-fuer-das-sommersemester-2025\" target=\"_blank\" rel=\"noreferrer noopener\">hier auf der Website der Fakult\u00e4t<\/a>.<\/p>\n\n\n\n<p>Erkl\u00e4rungen, wie die Abk\u00fcrzungen im Stundenplan zu verstehen sind, finden sich <a href=\"https:\/\/www.fsr-verkehr.de\/studium\/erklaerung-des-stundenplans\/\">hier<\/a>. Falls dennoch weitere Fragen auftreten, schreibt uns gerne eine E-Mail an <a href=\"mailto:fsrverkehr@tu-dresden.de\">fsrverkehr@tu-dresden.de<\/a>.<\/p>\n\n\n\n<p>Bitte informiert euch regelm\u00e4\u00dfig auf dieser Seite sowie auch auf den entsprechenden Lehrstuhl-Websites bzw. in den zugeh\u00f6rigen OPAL-Kursen!<\/p>\n\n\n\n<p>Stand: WiSe 25<\/p>\n\n\n\n<h2 class=\"wp-block-heading\">Verkehrsingenieurwesen<\/h2>\n\n\n\n<h3 class=\"wp-block-heading\">2. Semester<\/h3>\n\n\n\n<div class=\"wp-block-buttons is-layout-flex wp-block-buttons-is-layout-flex\">\n<div class=\"wp-block-button\"><a class=\"wp-block-button__link wp-element-button\" href=\"https:\/\/tu-dresden.de\/bu\/verkehr\/ressourcen\/dateien\/studium\/stundenplaene\/sommersemester\/2025\/01_DVIW_2_Sem_25_Vorlesungen.pdf\">Vorlesungen und \u00dcbungen<\/a><\/div>\n<\/div>\n\n\n\n<h3 class=\"wp-block-heading\"><strong>4. Semester<\/strong><\/h3>\n\n\n\n<div class=\"wp-block-buttons is-layout-flex wp-block-buttons-is-layout-flex\">\n<div class=\"wp-block-button\"><a class=\"wp-block-button__link wp-element-button\" href=\"https:\/\/tu-dresden.de\/bu\/verkehr\/ressourcen\/dateien\/studium\/stundenplaene\/sommersemester\/2025\/03_DVIW_4_Sem_25_Vorlesungen.pdf\">Vorlesungen und \u00dcbungen<\/a><\/div>\n<\/div>\n\n\n\n<h3 class=\"wp-block-heading\">6. Semester<\/h3>\n\n\n\n<div class=\"wp-block-buttons is-layout-flex wp-block-buttons-is-layout-flex\">\n<div class=\"wp-block-button\"><a class=\"wp-block-button__link wp-element-button\" href=\"https:\/\/tu-dresden.de\/bu\/verkehr\/ressourcen\/dateien\/studium\/stundenplaene\/sommersemester\/2025\/06_DVIW_6_Sem_BAS_25.pdf\">BAS<\/a><\/div>\n\n\n\n<div class=\"wp-block-button\"><a class=\"wp-block-button__link wp-element-button\" href=\"https:\/\/tu-dresden.de\/bu\/verkehr\/ressourcen\/dateien\/studium\/stundenplaene\/sommersemester\/2025\/09_DVIW_6_Sem_EVS_25.pdf\">EVS<\/a><\/div>\n\n\n\n<div class=\"wp-block-button\"><a class=\"wp-block-button__link wp-element-button\" href=\"https:\/\/tu-dresden.de\/bu\/verkehr\/ressourcen\/dateien\/studium\/stundenplaene\/sommersemester\/2025\/05_DVIW_6_Sem_VPL_25.pdf\">VPL<\/a><\/div>\n\n\n\n<div class=\"wp-block-button is-style-fill\"><a class=\"wp-block-button__link wp-element-button\" href=\"https:\/\/tu-dresden.de\/bu\/verkehr\/ressourcen\/dateien\/studium\/stundenplaene\/sommersemester\/2025\/07_DVIW_6_Sem_OEPV_25.pdf\">SYS-B\u00d6V<\/a><\/div>\n\n\n\n<div class=\"wp-block-button\"><a class=\"wp-block-button__link wp-element-button\" href=\"https:\/\/tu-dresden.de\/bu\/verkehr\/ressourcen\/dateien\/studium\/stundenplaene\/sommersemester\/2025\/08_DVIW_6_Sem_LU_25.pdf\">SYS-Luft<\/a><\/div>\n<\/div>\n\n\n\n<h3 class=\"wp-block-heading\"><strong>8. Semester<\/strong><\/h3>\n\n\n\n<div class=\"wp-block-buttons is-layout-flex wp-block-buttons-is-layout-flex\">\n<div class=\"wp-block-button\"><a class=\"wp-block-button__link wp-element-button\" href=\"https:\/\/tu-dresden.de\/bu\/verkehr\/ressourcen\/dateien\/studium\/stundenplaene\/sommersemester\/2025\/11_DVIW_8_Sem_BAS_25.pdf\">BAS<\/a><\/div>\n\n\n\n<div class=\"wp-block-button\"><a class=\"wp-block-button__link wp-element-button\" href=\"https:\/\/tu-dresden.de\/bu\/verkehr\/ressourcen\/dateien\/studium\/stundenplaene\/sommersemester\/2025\/14_DVIW_8_Sem_EVS_25.pdf\">EVS<\/a><\/div>\n\n\n\n<div class=\"wp-block-button is-style-fill\"><a class=\"wp-block-button__link wp-element-button\" href=\"https:\/\/tu-dresden.de\/bu\/verkehr\/ressourcen\/dateien\/studium\/stundenplaene\/sommersemester\/2025\/10_DVIW_8_Sem_VPL_25.pdf\">VPL<\/a><\/div>\n\n\n\n<div class=\"wp-block-button\"><a class=\"wp-block-button__link wp-element-button\" href=\"https:\/\/tu-dresden.de\/bu\/verkehr\/ressourcen\/dateien\/studium\/stundenplaene\/sommersemester\/2025\/12_DVIW_8_Sem_OEPV_25.pdf\">SYS-B\u00d6V<\/a><\/div>\n\n\n\n<div class=\"wp-block-button\"><a class=\"wp-block-button__link wp-element-button\" href=\"https:\/\/tu-dresden.de\/bu\/verkehr\/ressourcen\/dateien\/studium\/stundenplaene\/sommersemester\/2025\/13_DVIW_8_Sem_LU_25.pdf\">SYS-Luft<\/a><\/div>\n\n\n\n<div class=\"wp-block-button\"><a class=\"wp-block-button__link wp-element-button\" href=\"https:\/\/tu-dresden.de\/bu\/verkehr\/ressourcen\/dateien\/studium\/stundenplaene\/sommersemester\/2025\/15_DVIW_8_Sem_TEL_25.pdf\">TEL<\/a><\/div>\n<\/div>\n\n\n\n<h2 class=\"wp-block-heading\"><strong>Bachelor Verkehrswirtschaft<\/strong><\/h2>\n\n\n\n<div class=\"wp-block-buttons is-layout-flex wp-block-buttons-is-layout-flex\">\n<div class=\"wp-block-button\"><a class=\"wp-block-button__link wp-element-button\" href=\"https:\/\/tu-dresden.de\/bu\/verkehr\/ressourcen\/dateien\/studium\/stundenplaene\/sommersemester\/2025\/19_BVWI_2_Sem_25_Vorlesung.pdf\">2. Semester Vorlesungen<\/a><\/div>\n\n\n\n<div class=\"wp-block-button\"><a class=\"wp-block-button__link wp-element-button\" href=\"https:\/\/tu-dresden.de\/bu\/verkehr\/ressourcen\/dateien\/studium\/stundenplaene\/sommersemester\/2025\/20_BVWI_2_Sem_25_UEbungen.pdf\">2. Semester \u00dcbungen<\/a><\/div>\n\n\n\n<div class=\"wp-block-button\"><a class=\"wp-block-button__link wp-element-button\" href=\"https:\/\/tu-dresden.de\/bu\/verkehr\/ressourcen\/dateien\/studium\/stundenplaene\/sommersemester\/2025\/21_BVWI_4_Sem_25.pdf\">4. Semester<\/a><\/div>\n<\/div>\n\n\n\n<h2 class=\"wp-block-heading\">Masterstudieng\u00e4nge \/ Master programmes<\/h2>\n\n\n\n<h3 class=\"wp-block-heading\"><strong>2. Semester<\/strong><\/h3>\n\n\n\n<div class=\"wp-block-buttons is-layout-flex wp-block-buttons-is-layout-flex\">\n<div class=\"wp-block-button\"><a class=\"wp-block-button__link wp-element-button\" href=\"https:\/\/tu-dresden.de\/bu\/verkehr\/ressourcen\/dateien\/studium\/stundenplaene\/sommersemester\/2025\/18_MATL_2_Sem_25.pdf\">ATL<\/a><\/div>\n\n\n\n<div class=\"wp-block-button\"><a class=\"wp-block-button__link wp-element-button\" href=\"https:\/\/tu-dresden.de\/bu\/verkehr\/ressourcen\/dateien\/studium\/stundenplaene\/sommersemester\/2025\/16_MBSI_2_Sem_25.pdf\">BSI<\/a><\/div>\n\n\n\n<div class=\"wp-block-button\"><a class=\"wp-block-button__link wp-element-button\" href=\"https:\/\/tu-dresden.de\/bu\/verkehr\/ressourcen\/dateien\/studium\/stundenplaene\/sommersemester\/2025\/17_MEVS_2_Sem_25.pdf\">EVS<\/a><\/div>\n\n\n\n<div class=\"wp-block-button\"><a class=\"wp-block-button__link wp-element-button\" href=\"https:\/\/tu-dresden.de\/bu\/verkehr\/ressourcen\/dateien\/studium\/stundenplaene\/sommersemester\/2025\/22_MTEc_2_Sem_25.pdf\">TEc<\/a><\/div>\n<\/div>\n\n\n\n<p><\/p>\n","protected":false},"excerpt":{"rendered":"<p>Allgemeine Hinweise Auf dieser Seite befinden sich die Stundenpl\u00e4ne f\u00fcr alle an der Fakult\u00e4t Verkehrswissenschaften \u201eFriedrich List\u201c angebotenen Studieng\u00e4nge. F\u00fcr die Richtigkeit der Pl\u00e4ne wird \u2026<\/p>\n","protected":false},"author":4,"featured_media":6031,"parent":10482,"menu_order":0,"comment_status":"closed","ping_status":"closed","template":"","meta":{"footnotes":""},"class_list":["post-2202","page","type-page","status-publish","has-post-thumbnail","hentry"],"translation":{"provider":"WPGlobus","version":"3.0.0","language":"en","enabled_languages":["de","en"],"languages":{"de":{"title":true,"content":true,"excerpt":false},"en":{"title":false,"content":false,"excerpt":false}}},"_links":{"self":[{"href":"https:\/\/www.fsr-verkehr.de\/en\/wp-json\/wp\/v2\/pages\/2202","targetHints":{"allow":["GET"]}}],"collection":[{"href":"https:\/\/www.fsr-verkehr.de\/en\/wp-json\/wp\/v2\/pages"}],"about":[{"href":"https:\/\/www.fsr-verkehr.de\/en\/wp-json\/wp\/v2\/types\/page"}],"author":[{"embeddable":true,"href":"https:\/\/www.fsr-verkehr.de\/en\/wp-json\/wp\/v2\/users\/4"}],"replies":[{"embeddable":true,"href":"https:\/\/www.fsr-verkehr.de\/en\/wp-json\/wp\/v2\/comments?post=2202"}],"version-history":[{"count":40,"href":"https:\/\/www.fsr-verkehr.de\/en\/wp-json\/wp\/v2\/pages\/2202\/revisions"}],"predecessor-version":[{"id":11544,"href":"https:\/\/www.fsr-verkehr.de\/en\/wp-json\/wp\/v2\/pages\/2202\/revisions\/11544"}],"up":[{"embeddable":true,"href":"https:\/\/www.fsr-verkehr.de\/en\/wp-json\/wp\/v2\/pages\/10482"}],"wp:featuredmedia":[{"embeddable":true,"href":"https:\/\/www.fsr-verkehr.de\/en\/wp-json\/wp\/v2\/media\/6031"}],"wp:attachment":[{"href":"https:\/\/www.fsr-verkehr.de\/en\/wp-json\/wp\/v2\/media?parent=2202"}],"curies":[{"name":"wp","href":"https:\/\/api.w.org\/{rel}","templated":true}]}}