{"id":225,"date":"2021-01-29T18:35:10","date_gmt":"2021-01-29T17:35:10","guid":{"rendered":"https:\/\/agdsn.me\/~fsr-verkehr\/?page_id=225"},"modified":"2024-08-27T20:19:56","modified_gmt":"2024-08-27T18:19:56","slug":"unsere-partner","status":"publish","type":"page","link":"https:\/\/www.fsr-verkehr.de\/en\/unsere-partner\/","title":{"rendered":"Our partners"},"content":{"rendered":"\n<p>Der Fachschaftsrat arbeitet eng mit der Universit\u00e4t und diversen Vereinen und Gesellschaften zusammen.<\/p>\n\n\n\n<div class=\"wp-block-media-text alignwide is-stacked-on-mobile\" style=\"grid-template-columns:32% auto\"><figure class=\"wp-block-media-text__media\"><a href=\"https:\/\/tu-dresden.de\/bu\/verkehr\"><img loading=\"lazy\" decoding=\"async\" width=\"946\" height=\"275\" src=\"https:\/\/agdsn.me\/~fsr-verkehr\/wp-content\/uploads\/2021\/01\/TUD_Logo_HKS41_80.png\" alt=\"\" class=\"wp-image-235 size-full\" srcset=\"https:\/\/www.fsr-verkehr.de\/wp-content\/uploads\/2021\/01\/TUD_Logo_HKS41_80.png 946w, https:\/\/www.fsr-verkehr.de\/wp-content\/uploads\/2021\/01\/TUD_Logo_HKS41_80-300x87.png 300w, https:\/\/www.fsr-verkehr.de\/wp-content\/uploads\/2021\/01\/TUD_Logo_HKS41_80-768x223.png 768w\" sizes=\"auto, (max-width: 946px) 100vw, 946px\" \/><\/a><\/figure><div class=\"wp-block-media-text__content\">\n<div class=\"wp-block-columns are-vertically-aligned-center is-layout-flex wp-container-core-columns-is-layout-1 wp-block-columns-is-layout-flex\">\n<div class=\"wp-block-column is-vertically-aligned-center is-layout-flow wp-block-column-is-layout-flow\" style=\"flex-basis:100%\">\n<h3 class=\"wp-block-heading has-black-color has-text-color\"><a href=\"https:\/\/tu-dresden.de\/bu\/verkehr?pk_campaign=flyout&amp;pk_kwd=verkehr&amp;set_language=en\">\u201cFriedrich List\u201d Faculty of Transport and Traffic Sciences<\/a><\/h3>\n\n\n\n<p>The faculty of transport and traffic sciences be part of the TU Dresden since 1991.<\/p>\n<\/div>\n<\/div>\n<\/div><\/div>\n\n\n\n<div class=\"wp-block-media-text alignwide is-stacked-on-mobile\" style=\"grid-template-columns:32% auto\"><figure class=\"wp-block-media-text__media\"><a href=\"https:\/\/spaetverkehr.de\"><img loading=\"lazy\" decoding=\"async\" width=\"2758\" height=\"759\" src=\"https:\/\/agdsn.me\/~fsr-verkehr\/wp-content\/uploads\/2021\/03\/SV-Logo-weiss.png\" alt=\"\" class=\"wp-image-951 size-full\"\/><\/a><\/figure><div class=\"wp-block-media-text__content\">\n<div class=\"wp-block-columns are-vertically-aligned-center is-layout-flex wp-container-core-columns-is-layout-2 wp-block-columns-is-layout-flex\">\n<div class=\"wp-block-column is-vertically-aligned-center is-layout-flow wp-block-column-is-layout-flow\" style=\"flex-basis:100%\">\n<h3 class=\"wp-block-heading has-black-color has-text-color\"><a href=\"https:\/\/spaetverkehr.de\/\">Sp\u00e4tverkehr e.V.<\/a><\/h3>\n\n\n\n<p>Sp\u00e4tverkehr is our alumni association. Der Verein wurde 2006 als Absolventenverein der Fakult\u00e4t gegr\u00fcndet und unterst\u00fctzt die Studierenden an der Fakult\u00e4t mittlerweile auf vielf\u00e4ltige Weise. Im Fokus steht die F\u00f6rderung durch den Austausch mit der Praxis und den Aufbau eines Ehemaligen-Netzwerks. Kernbestandteile dieser Arbeit der Ball der Fakult\u00e4t und die KontaktMesse Verkehr.<\/p>\n<\/div>\n<\/div>\n<\/div><\/div>\n\n\n\n<div class=\"wp-block-media-text alignwide has-media-on-the-right is-stacked-on-mobile\" style=\"grid-template-columns:auto 32%\"><div class=\"wp-block-media-text__content\">\n<h3 class=\"wp-block-heading has-black-color has-text-color\"><a rel=\"noreferrer noopener\" href=\"https:\/\/spaetverkehr.de\/\" target=\"_blank\">StuRa<\/a><\/h3>\n\n\n\n<p>The Student Council (StuRa &#8211; StudierendenRat) is the representation of all students at the TU Dresden.<\/p>\n<\/div><figure class=\"wp-block-media-text__media\"><img loading=\"lazy\" decoding=\"async\" width=\"246\" height=\"96\" src=\"https:\/\/www.fsr-verkehr.de\/wp-content\/uploads\/2023\/06\/stura-Logo.png\" alt=\"\" class=\"wp-image-6101 size-full\"\/><\/figure><\/div>\n\n\n\n<div class=\"wp-block-media-text alignwide has-media-on-the-right is-stacked-on-mobile\" style=\"grid-template-columns:auto 32%\"><div class=\"wp-block-media-text__content\">\n<div class=\"wp-block-columns are-vertically-aligned-center is-layout-flex wp-container-core-columns-is-layout-3 wp-block-columns-is-layout-flex\">\n<div class=\"wp-block-column is-vertically-aligned-center is-layout-flow wp-block-column-is-layout-flow\" style=\"flex-basis:100%\">\n<h3 class=\"wp-block-heading has-black-color has-text-color\"><a href=\"http:\/\/www.verkehrte-welt.org\/\">Verkehrte Welt e.V.<\/a><\/h3>\n\n\n\n<p>The association was founded in 2003 and has its roots in promoting international contact in transport. To this end, we organize conferences, lectures and excursions. Small excursions, such as a visit to Dresden Central Station, take place during the semester, while we organize our big<br>trips abroad as well as excursions of several days at Germany and abroad take place during the semester break. We meet regularly on the first Wednesday of the month for our Monthly Association Meeting.<\/p>\n<\/div>\n<\/div>\n<\/div><figure class=\"wp-block-media-text__media\"><a href=\"http:\/\/www.verkehrte-welt.org\"><img loading=\"lazy\" decoding=\"async\" width=\"1281\" height=\"292\" src=\"https:\/\/agdsn.me\/~fsr-verkehr\/wp-content\/uploads\/2021\/03\/LogoVerkehrteWelt.png\" alt=\"\" class=\"wp-image-963 size-full\"\/><\/a><\/figure><\/div>\n\n\n\n<div class=\"wp-block-media-text alignwide is-stacked-on-mobile\" style=\"grid-template-columns:32% auto\"><figure class=\"wp-block-media-text__media\"><a href=\"https:\/\/dresden.euroavia.eu\"><img loading=\"lazy\" decoding=\"async\" width=\"1024\" height=\"1024\" src=\"https:\/\/fsr-verkehr.de\/wp-content\/uploads\/2022\/12\/Euroavia-Dresden-1024x1024.png\" alt=\"\" class=\"wp-image-4686 size-full\" srcset=\"https:\/\/www.fsr-verkehr.de\/wp-content\/uploads\/2022\/12\/Euroavia-Dresden-1024x1024.png 1024w, https:\/\/www.fsr-verkehr.de\/wp-content\/uploads\/2022\/12\/Euroavia-Dresden-300x300.png 300w, https:\/\/www.fsr-verkehr.de\/wp-content\/uploads\/2022\/12\/Euroavia-Dresden-150x150.png 150w, https:\/\/www.fsr-verkehr.de\/wp-content\/uploads\/2022\/12\/Euroavia-Dresden-768x768.png 768w, https:\/\/www.fsr-verkehr.de\/wp-content\/uploads\/2022\/12\/Euroavia-Dresden-1536x1536.png 1536w, https:\/\/www.fsr-verkehr.de\/wp-content\/uploads\/2022\/12\/Euroavia-Dresden-60x60.png 60w, https:\/\/www.fsr-verkehr.de\/wp-content\/uploads\/2022\/12\/Euroavia-Dresden.png 1980w\" sizes=\"auto, (max-width: 1024px) 100vw, 1024px\" \/><\/a><\/figure><div class=\"wp-block-media-text__content\">\n<div class=\"wp-block-columns are-vertically-aligned-center is-layout-flex wp-container-core-columns-is-layout-4 wp-block-columns-is-layout-flex\">\n<div class=\"wp-block-column is-vertically-aligned-center is-layout-flow wp-block-column-is-layout-flow\" style=\"flex-basis:100%\">\n<h3 class=\"wp-block-heading has-black-color has-text-color\"><a href=\"https:\/\/dresden.euroavia.eu\/en\/\" class=\"broken_link\">EUROAVIA Dresden e.V.<\/a><\/h3>\n\n\n\n<p>EUROAVIA is the European Association of Aerospace Students, representing the interests of over 2000 students from 42 universities in 18 European countries. Established in 1959, EUROAVIA wants to be a bridge between companies, universities and students. <strong>EUROAVIA Dresden e.V.<\/strong>&nbsp;is one over 40 local groups since 1990. <\/p>\n<\/div>\n<\/div>\n<\/div><\/div>\n\n\n\n<div class=\"wp-block-media-text alignwide has-media-on-the-right is-stacked-on-mobile\" style=\"grid-template-columns:auto 32%\"><div class=\"wp-block-media-text__content\">\n<div class=\"wp-block-columns are-vertically-aligned-center is-layout-flex wp-container-core-columns-is-layout-5 wp-block-columns-is-layout-flex\">\n<div class=\"wp-block-column is-vertically-aligned-center is-layout-flow wp-block-column-is-layout-flow\" style=\"flex-basis:100%\">\n<h3 class=\"wp-block-heading has-black-color has-text-color\"><a href=\"https:\/\/sachsen.dvwg.de\/ueber-uns\/junges-forum-der-bv-sachsen\">DVWG e.V.<\/a><\/h3>\n\n\n\n<p>The &#8220;Deutsche Verkehrswissenschaftliche Gesellschaft DVWG&#8221; is the organization  which actively discusses current issues in traffic science. Its purpose is to promote traffic science in all of its fields. The &#8220;Junge Forum&#8221; is the youth network within the DVWG e.V. and addresses especially students, apprentices and young scientists in traffic engineerig.<\/p>\n<\/div>\n<\/div>\n<\/div><figure class=\"wp-block-media-text__media\"><a href=\"https:\/\/sachsen.dvwg.de\/ueber-uns\/junges-forum-der-bv-sachsen\"><img loading=\"lazy\" decoding=\"async\" width=\"205\" height=\"184\" src=\"https:\/\/agdsn.me\/~fsr-verkehr\/wp-content\/uploads\/2021\/01\/4f244a1ff7-1.jpg\" alt=\"\" class=\"wp-image-304 size-full\"\/><\/a><\/figure><\/div>\n\n\n\n<p><\/p>\n","protected":false},"excerpt":{"rendered":"<p>Der Fachschaftsrat arbeitet eng mit der Universit\u00e4t und diversen Vereinen und Gesellschaften zusammen. StuRa The Student Council (StuRa &#8211; StudierendenRat) is the representation of all \u2026<\/p>\n","protected":false},"author":2,"featured_media":6031,"parent":0,"menu_order":0,"comment_status":"closed","ping_status":"closed","template":"","meta":{"footnotes":""},"class_list":["post-225","page","type-page","status-publish","has-post-thumbnail","hentry"],"translation":{"provider":"WPGlobus","version":"3.0.0","language":"en","enabled_languages":["de","en"],"languages":{"de":{"title":true,"content":true,"excerpt":false},"en":{"title":true,"content":true,"excerpt":false}}},"_links":{"self":[{"href":"https:\/\/www.fsr-verkehr.de\/en\/wp-json\/wp\/v2\/pages\/225","targetHints":{"allow":["GET"]}}],"collection":[{"href":"https:\/\/www.fsr-verkehr.de\/en\/wp-json\/wp\/v2\/pages"}],"about":[{"href":"https:\/\/www.fsr-verkehr.de\/en\/wp-json\/wp\/v2\/types\/page"}],"author":[{"embeddable":true,"href":"https:\/\/www.fsr-verkehr.de\/en\/wp-json\/wp\/v2\/users\/2"}],"replies":[{"embeddable":true,"href":"https:\/\/www.fsr-verkehr.de\/en\/wp-json\/wp\/v2\/comments?post=225"}],"version-history":[{"count":17,"href":"https:\/\/www.fsr-verkehr.de\/en\/wp-json\/wp\/v2\/pages\/225\/revisions"}],"predecessor-version":[{"id":8971,"href":"https:\/\/www.fsr-verkehr.de\/en\/wp-json\/wp\/v2\/pages\/225\/revisions\/8971"}],"wp:featuredmedia":[{"embeddable":true,"href":"https:\/\/www.fsr-verkehr.de\/en\/wp-json\/wp\/v2\/media\/6031"}],"wp:attachment":[{"href":"https:\/\/www.fsr-verkehr.de\/en\/wp-json\/wp\/v2\/media?parent=225"}],"curies":[{"name":"wp","href":"https:\/\/api.w.org\/{rel}","templated":true}]}}