{"id":47,"date":"2020-11-29T16:24:09","date_gmt":"2020-11-29T16:24:09","guid":{"rendered":"https:\/\/agdsn.me\/~fsr-verkehr\/?page_id=47"},"modified":"2026-01-07T11:00:06","modified_gmt":"2026-01-07T10:00:06","slug":"impressum","status":"publish","type":"page","link":"https:\/\/www.fsr-verkehr.de\/en\/impressum\/","title":{"rendered":"Impressum"},"content":{"rendered":"\n<p>Dies ist eine Seite des Fachschaftsrats Verkehrswissenschaften &#8220;Studierendenschaft Friedrich List&#8221;, der Studierendenvertretung an der Fakult\u00e4t Verkehrswissenschaften der Technischen Universit\u00e4t Dresden, vertreten durch die Sprecher Lukas K\u00f6hler und Patrick H\u00fcbner<\/p>\n\n\n\n<p>Hettnerstra\u00dfe 1<br>01069 Dresden<br><a href=\"mailto:fsrverkehr@tu-dresden.de\" data-type=\"mailto\" data-id=\"mailto:fsrverkehr@tu-dresden.de\" target=\"_blank\" rel=\"noreferrer noopener\">fsrverkehr@tu-dresden.de<\/a><br>+49 351 463-36614<\/p>\n\n\n\n<p>Die Datenschutzerkl\u00e4rung finden Sie <a href=\"https:\/\/www.fsr-verkehr.de\/privacy-policy\/\" data-type=\"page\" data-id=\"3\">hier<\/a>.<\/p>\n\n\n\n<p><strong>Designentwurf:<\/strong> Victor Nitzsche, Hosea Winter, Nicolas Reuter<\/p>\n\n\n\n<h2 class=\"wp-block-heading\"><strong>Urheberrecht:<\/strong><\/h2>\n\n\n\n<p>Alle in dem Internetangebot des Fachschaftsrates Verkehrswissenschaften (FSR Verkehr) enthaltenen Informationen wurden vom FSR Verkehr oder Dritten sorgf\u00e4ltig recherchiert und gepr\u00fcft. Dennoch \u00fcbernehmen weder der FSR Verkehr noch Dritte Gew\u00e4hr f\u00fcr die Richtigkeit, Aktualit\u00e4t, Korrektheit, Vollst\u00e4ndigkeit oder Qualit\u00e4t der bereitgestellten Informationen.<\/p>\n\n\n\n<p>\u00a9 Copyright by FSR Verkehr:<br>Alle Rechte vorbehalten. Alle Inhalte sind nur zur pers\u00f6nlichen Information bestimmt. Die Inhalte dieses Internetangebotes d\u00fcrfen \u2013 ganz oder auch nur teilweise \u2013 ohne die vorherige schriftliche Zustimmung des FSR Verkehr nicht ver\u00e4ndert und nicht f\u00fcr \u00f6ffentliche oder kommerzielle Zwecke vervielf\u00e4ltigt, vorgef\u00fchrt, verbreitet oder anderweitig verwertet werden. F\u00fcr Inhalte, die in den Quellenangaben als von Dritten bezogen gekennzeichnet sind, kann die vorherige schriftliche Zustimmung auch bei den jeweiligen Dritten eingeholt werden. Die in diesem Internetangebot enthaltenen Inhalte sind urheberrechtlich gesch\u00fctzt. Alle Rechte sind vorbehalten. Alle in diesen Internetseiten erw\u00e4hnten Produkt- und Firmennamen sind eingetragene Marken der jeweiligen Eigent\u00fcmer.<\/p>\n\n\n\n<h2 class=\"wp-block-heading\"><strong>Haftungsausschluss:<\/strong><\/h2>\n\n\n\n<p>Die Benutzung dieses Internetangebotes und das Herunterladen von Daten erfolgt auf eigene Gefahr. Haftungsanspr\u00fcche gegen den FSR Verkehr, die sich auf direkte oder indirekte Sch\u00e4den materieller oder ideeller Art beziehen, welche durch die Nutzung oder Nichtnutzung der dargebotenen Informationen bzw. durch die Nutzung fehlerhafter und unvollst\u00e4ndiger Informationen verursacht wurden, sind ausgeschlossen, soweit diese Sch\u00e4den nicht auf Vorsatz oder grober Fahrl\u00e4ssigkeit beruhen. Der FSR Verkehr beh\u00e4lt es sich ausdr\u00fccklich vor, Teile des Internetangebotes oder das gesamte Angebot ohne gesonderte Ank\u00fcndigung zu ver\u00e4ndern, zu erg\u00e4nzen, zu l\u00f6schen oder die Ver\u00f6ffentlichung zeitweise oder endg\u00fcltig einzustellen.<\/p>\n\n\n\n<h2 class=\"wp-block-heading\"><strong>Links:<\/strong><\/h2>\n\n\n\n<p>Die Nutzung eines Links von diesem Internetangebot zu der Internetseite eines Dritten f\u00fchrt zum Verlassen der Internetseite des FSR Verkehr und erfolgt auf Verantwortung des Benutzers. Der FSR Verkehr&nbsp;hat nicht alle Internetseiten Dritter kontrolliert und \u00fcbernimmt f\u00fcr die dort vorgefundenen Inhalte keinerlei Haftung. Dies gilt ebenso f\u00fcr alle Ergebnisse, die durch die Benutzung von Internetseiten Dritter erlangt werden k\u00f6nnen.<br>Die Internetseiten des FSR Verkehr k\u00f6nnen ohne Wissen des FSR Verkehr von einer anderen Internetseite angelinkt (Hyperlink, Deep-Link, &#8230;) worden sein. Der FSR Verkehr \u00fcbernimmt keine Verantwortung f\u00fcr Inhalte, Darstellungen oder irgendeine Verbindung zum FSR Verkehr in Internetseiten Dritter.<\/p>\n\n\n\n<h2 class=\"wp-block-heading\"><strong>Geltungsbereich:<\/strong><\/h2>\n\n\n\n<p>Der vorstehende Haftungsausschluss gilt f\u00fcr den gesamten Internetauftritt des FSR Verkehr. Sofern Teile oder einzelne Formulierungen dieses Textes der geltenden Rechtslage nicht, nicht mehr oder nicht vollst\u00e4ndig entsprechen sollten, bleiben die \u00fcbrigen Teile des Dokumentes in ihrem Inhalt und ihrer G\u00fcltigkeit davon unber\u00fchrt.<\/p>\n\n\n\n<h2 class=\"wp-block-heading\"><strong>Cookies:<\/strong><\/h2>\n\n\n\n<p>Cookies sind kleine Dateien, die es erm\u00f6glichen, auf dem Zugriffsger\u00e4t der Nutzer (PC, Smartphone o.\u00e4.) spezifische, auf das Ger\u00e4t bezogene Informationen zu speichern. Sie dienen zum einen der Benutzerfreundlichkeit von Webseiten und damit den Nutzern (z.B. Speicherung von Logindaten). Zum anderen dienen sie, um die statistische Daten der Webseitennutzung zu erfassen und sie zwecks Verbesserung des Angebotes analysieren zu k\u00f6nnen. Die Nutzer k\u00f6nnen auf den Einsatz der Cookies Einfluss nehmen. Die meisten Browser verf\u00fcgen eine Option mit der das Speichern von Cookies eingeschr\u00e4nkt oder komplett verhindert wird. Allerdings wird darauf hingewiesen, dass die Nutzung und insbesondere der Nutzungskomfort ohne Cookies eingeschr\u00e4nkt werden. Sie k\u00f6nnen viele Online-Anzeigen-Cookies von Unternehmen \u00fcber die <a rel=\"noreferrer noopener\" href=\"https:\/\/optout.aboutads.info\/?c=2&amp;lang=EN\" target=\"_blank\" class=\"broken_link\">US-amerikanische Seite<\/a> oder die <a rel=\"noreferrer noopener\" href=\"http:\/\/www.youronlinechoices.com\/uk\/your-ad-choices\" target=\"_blank\">EU-Seite<\/a> verwalten.<\/p>\n","protected":false},"excerpt":{"rendered":"<p>Dies ist eine Seite des Fachschaftsrats Verkehrswissenschaften &#8220;Studierendenschaft Friedrich List&#8221;, der Studierendenvertretung an der Fakult\u00e4t Verkehrswissenschaften der Technischen Universit\u00e4t Dresden, vertreten durch die Sprecher Lukas \u2026<\/p>\n","protected":false},"author":4,"featured_media":6031,"parent":0,"menu_order":0,"comment_status":"closed","ping_status":"closed","template":"","meta":{"footnotes":""},"class_list":["post-47","page","type-page","status-publish","has-post-thumbnail","hentry"],"translation":{"provider":"WPGlobus","version":"3.0.0","language":"en","enabled_languages":["de","en"],"languages":{"de":{"title":true,"content":true,"excerpt":false},"en":{"title":false,"content":false,"excerpt":false}}},"_links":{"self":[{"href":"https:\/\/www.fsr-verkehr.de\/en\/wp-json\/wp\/v2\/pages\/47","targetHints":{"allow":["GET"]}}],"collection":[{"href":"https:\/\/www.fsr-verkehr.de\/en\/wp-json\/wp\/v2\/pages"}],"about":[{"href":"https:\/\/www.fsr-verkehr.de\/en\/wp-json\/wp\/v2\/types\/page"}],"author":[{"embeddable":true,"href":"https:\/\/www.fsr-verkehr.de\/en\/wp-json\/wp\/v2\/users\/4"}],"replies":[{"embeddable":true,"href":"https:\/\/www.fsr-verkehr.de\/en\/wp-json\/wp\/v2\/comments?post=47"}],"version-history":[{"count":15,"href":"https:\/\/www.fsr-verkehr.de\/en\/wp-json\/wp\/v2\/pages\/47\/revisions"}],"predecessor-version":[{"id":11282,"href":"https:\/\/www.fsr-verkehr.de\/en\/wp-json\/wp\/v2\/pages\/47\/revisions\/11282"}],"wp:featuredmedia":[{"embeddable":true,"href":"https:\/\/www.fsr-verkehr.de\/en\/wp-json\/wp\/v2\/media\/6031"}],"wp:attachment":[{"href":"https:\/\/www.fsr-verkehr.de\/en\/wp-json\/wp\/v2\/media?parent=47"}],"curies":[{"name":"wp","href":"https:\/\/api.w.org\/{rel}","templated":true}]}}